{"id":120342,"date":"2022-05-09T10:49:33","date_gmt":"2022-05-09T08:49:33","guid":{"rendered":"https:\/\/www.lifestylehotels.net\/?page_id=120342"},"modified":"2022-08-09T12:47:21","modified_gmt":"2022-08-09T10:47:21","slug":"career","status":"publish","type":"page","link":"https:\/\/lifestylehotels.masterbrain.com\/de\/career\/","title":{"rendered":"Career"},"content":{"rendered":"\n<h1 class=\"wp-block-heading\">Career<\/h1>\n\n\n\n<figure class=\"wp-block-image size-full\"><img decoding=\"async\" width=\"1920\" height=\"1080\" src=\"https:\/\/www.lifestylehotels.net\/wp-content\/uploads\/2022\/05\/El-Agua_Slider_09.jpg\" alt=\"Ecohotel El Agua\" class=\"wp-image-120218\" srcset=\"https:\/\/lifestylehotels.masterbrain.com\/wp-content\/uploads\/2022\/05\/El-Agua_Slider_09.jpg 1920w, https:\/\/lifestylehotels.masterbrain.com\/wp-content\/uploads\/2022\/05\/El-Agua_Slider_09-768x432.jpg 768w, https:\/\/lifestylehotels.masterbrain.com\/wp-content\/uploads\/2022\/05\/El-Agua_Slider_09-1536x864.jpg 1536w, https:\/\/lifestylehotels.masterbrain.com\/wp-content\/uploads\/2022\/05\/El-Agua_Slider_09-360x203.jpg 360w\" sizes=\"(max-width: 1920px) 100vw, 1920px\" \/><\/figure>\n\n\n\n<p><\/p>\n\n\n\n<h2 class=\"wp-block-heading\">Stylish retreats for inspiring timeouts<\/h2>\n\n\n\n<h2 class=\"wp-block-heading\"><strong>Lifestylehotels\u2122 ist ein international agierendes Unternehmen mit Sitz in Graz. Als einer der Pioniere der Lifestyle orientierten Hotellerie sind wir seit mehr als 20 Jahren erfolgreich am Markt t\u00e4tig. Der Anspruch an \u00c4sthetik und Qualit\u00e4t ist zentral in unserer Vision einer modernen Hotellerie und er ist untrennbar mit unserem Bekenntnis zur Nachhaltigkeit und Achtsamkeit verkn\u00fcpft. Farm-to-Table Konzepte, die Unterst\u00fctzung lokaler K\u00fcnstler, ein besonders Ressourcen schonender Betrieb des Hotels, oder das meditative Erleben von Natur sind nur einige Beispiele f\u00fcr die Innovationen unserer Hoteliers die wir mit unserer Arbeit unterst\u00fctzen.<\/strong><\/h2>\n\n\n\n<h2 class=\"wp-block-heading\"><strong><em>Sie sind ein Teamplayer und wollen uns bei der Umsetzung unserer Vision mit Ihrer Kreativit\u00e4t und Ihren Ideen unterst\u00fctzen? Dann werden Sie Teil des Teams und bewerben Sie sich noch heute &#8230;<\/em><\/strong><\/h2>\n\n\n\n<hr class=\"wp-block-separator\"\/>\n\n\n\n<h2 class=\"wp-block-heading\">Aktuelle Stellenausschreibungen:<\/h2>\n\n\n\n<p><\/p>\n\n\n\n<p><\/p>\n\n\n\n<div class=\"wp-block-columns is-layout-flex wp-container-core-columns-layout-1 wp-block-columns-is-layout-flex\">\n<div class=\"wp-block-column is-layout-flow wp-block-column-is-layout-flow\">\n<p><strong>Marketing Manager (m\/w\/x)<\/strong><br>Headquarter Graz<\/p>\n\n\n\n<div class=\"wp-block-file\"><a id=\"wp-block-file--media-c074c4db-7883-4997-bee4-60d212831c66\" href=\"https:\/\/www.lifestylehotels.net\/wp-content\/uploads\/2022\/08\/Lifestylehotels_Jobausschreibung-Marketing-Manager_de.pdf\" target=\"_blank\" rel=\"noreferrer noopener\">Marketing Manager (m\/w\/x)<\/a><a href=\"https:\/\/www.lifestylehotels.net\/wp-content\/uploads\/2022\/08\/Lifestylehotels_Jobausschreibung-Marketing-Manager_de.pdf\" class=\"wp-block-file__button\" download aria-describedby=\"wp-block-file--media-c074c4db-7883-4997-bee4-60d212831c66\">Herunterladen &gt;&gt;<\/a><\/div>\n<\/div>\n\n\n\n<div class=\"wp-block-column is-layout-flow wp-block-column-is-layout-flow\">\n<p><strong>Freelancer<\/strong><br><strong>Hotel Akquise (m\/w\/x)<\/strong><br><\/p>\n\n\n\n<div class=\"wp-block-file\"><a id=\"wp-block-file--media-99abafca-0b50-4df2-b3ad-e1ab4850bac7\" href=\"https:\/\/www.lifestylehotels.net\/wp-content\/uploads\/2022\/08\/Lifestylehotels_Jobausschreibung-Freelancer-Hotel-Akquise_de.pdf\">Freelancer Hotel Akquise<\/a><a href=\"https:\/\/www.lifestylehotels.net\/wp-content\/uploads\/2022\/08\/Lifestylehotels_Jobausschreibung-Freelancer-Hotel-Akquise_de.pdf\" class=\"wp-block-file__button\" download aria-describedby=\"wp-block-file--media-99abafca-0b50-4df2-b3ad-e1ab4850bac7\">Herunterladen &gt;&gt;<\/a><\/div>\n<\/div>\n\n\n\n<div class=\"wp-block-column is-layout-flow wp-block-column-is-layout-flow\">\n<p><strong>Internship Marketing\/Sales (m\/w\/x)<br><\/strong>Headquarter Graz<\/p>\n\n\n\n<div class=\"wp-block-file\"><a id=\"wp-block-file--media-75af29cd-e48c-402f-9f01-aea5c6d8edac\" href=\"https:\/\/www.lifestylehotels.net\/wp-content\/uploads\/2022\/08\/Lifestylehotels_Jobausschreibung-Internship-Marketing-Sales_de.pdf\">Internship Marketing\/Sales<\/a><a href=\"https:\/\/www.lifestylehotels.net\/wp-content\/uploads\/2022\/08\/Lifestylehotels_Jobausschreibung-Internship-Marketing-Sales_de.pdf\" class=\"wp-block-file__button\" download aria-describedby=\"wp-block-file--media-75af29cd-e48c-402f-9f01-aea5c6d8edac\">Herunterladen &gt;&gt;<\/a><\/div>\n<\/div>\n<\/div>\n","protected":false},"excerpt":{"rendered":"<p>Career Stylish retreats for inspiring timeouts Lifestylehotels\u2122 ist ein international agierendes Unternehmen mit Sitz in Graz. Als einer der Pioniere der Lifestyle orientierten Hotellerie sind wir seit mehr als 20 Jahren erfolgreich am Markt t\u00e4tig. Der Anspruch an \u00c4sthetik und Qualit\u00e4t ist zentral in unserer Vision einer modernen Hotellerie und er ist untrennbar mit unserem [&hellip;]<\/p>\n","protected":false},"author":4,"featured_media":0,"parent":0,"menu_order":0,"comment_status":"closed","ping_status":"closed","template":"","meta":{"inline_featured_image":false,"footnotes":""},"acf":[],"yoast_head":"<!-- This site is optimized with the Yoast SEO plugin v21.9 - https:\/\/yoast.com\/wordpress\/plugins\/seo\/ -->\n<title>Career - Lifestylehotels\u2122<\/title>\n<meta name=\"robots\" content=\"noindex, follow, max-snippet:-1, max-image-preview:large, max-video-preview:-1\" \/>\n<meta property=\"og:locale\" content=\"de_DE\" \/>\n<meta property=\"og:type\" content=\"article\" \/>\n<meta property=\"og:title\" content=\"Career - Lifestylehotels\u2122\" \/>\n<meta property=\"og:description\" content=\"Career Stylish retreats for inspiring timeouts Lifestylehotels\u2122 ist ein international agierendes Unternehmen mit Sitz in Graz. Als einer der Pioniere der Lifestyle orientierten Hotellerie sind wir seit mehr als 20 Jahren erfolgreich am Markt t\u00e4tig. Der Anspruch an \u00c4sthetik und Qualit\u00e4t ist zentral in unserer Vision einer modernen Hotellerie und er ist untrennbar mit unserem [&hellip;]\" \/>\n<meta property=\"og:url\" content=\"https:\/\/lifestylehotels.masterbrain.com\/career\/\" \/>\n<meta property=\"og:site_name\" content=\"Lifestylehotels\u2122\" \/>\n<meta property=\"article:modified_time\" content=\"2022-08-09T10:47:21+00:00\" \/>\n<meta property=\"og:image\" content=\"https:\/\/www.lifestylehotels.net\/wp-content\/uploads\/2022\/05\/El-Agua_Slider_09.jpg\" \/>\n<meta name=\"twitter:card\" content=\"summary_large_image\" \/>\n<meta name=\"twitter:label1\" content=\"Gesch\u00e4tzte Lesezeit\" \/>\n\t<meta name=\"twitter:data1\" content=\"2\u00a0Minuten\" \/>\n<script type=\"application\/ld+json\" class=\"yoast-schema-graph\">{\"@context\":\"https:\/\/schema.org\",\"@graph\":[{\"@type\":\"WebPage\",\"@id\":\"https:\/\/lifestylehotels.masterbrain.com\/career\/\",\"url\":\"https:\/\/lifestylehotels.masterbrain.com\/career\/\",\"name\":\"Career - Lifestylehotels\u2122\",\"isPartOf\":{\"@id\":\"https:\/\/lifestylehotels.masterbrain.com\/de\/#website\"},\"datePublished\":\"2022-05-09T08:49:33+00:00\",\"dateModified\":\"2022-08-09T10:47:21+00:00\",\"breadcrumb\":{\"@id\":\"https:\/\/lifestylehotels.masterbrain.com\/career\/#breadcrumb\"},\"inLanguage\":\"de\",\"potentialAction\":[{\"@type\":\"ReadAction\",\"target\":[\"https:\/\/lifestylehotels.masterbrain.com\/career\/\"]}]},{\"@type\":\"BreadcrumbList\",\"@id\":\"https:\/\/lifestylehotels.masterbrain.com\/career\/#breadcrumb\",\"itemListElement\":[{\"@type\":\"ListItem\",\"position\":1,\"name\":\"Startseite\",\"item\":\"https:\/\/lifestylehotels.masterbrain.com\/de\/\"},{\"@type\":\"ListItem\",\"position\":2,\"name\":\"Career\"}]},{\"@type\":\"WebSite\",\"@id\":\"https:\/\/lifestylehotels.masterbrain.com\/de\/#website\",\"url\":\"https:\/\/lifestylehotels.masterbrain.com\/de\/\",\"name\":\"Lifestylehotels\u2122\",\"description\":\"\",\"potentialAction\":[{\"@type\":\"SearchAction\",\"target\":{\"@type\":\"EntryPoint\",\"urlTemplate\":\"https:\/\/lifestylehotels.masterbrain.com\/de\/?s={search_term_string}\"},\"query-input\":\"required name=search_term_string\"}],\"inLanguage\":\"de\"}]}<\/script>\n<!-- \/ Yoast SEO plugin. -->","yoast_head_json":{"title":"Career - Lifestylehotels\u2122","robots":{"index":"noindex","follow":"follow","max-snippet":"max-snippet:-1","max-image-preview":"max-image-preview:large","max-video-preview":"max-video-preview:-1"},"og_locale":"de_DE","og_type":"article","og_title":"Career - Lifestylehotels\u2122","og_description":"Career Stylish retreats for inspiring timeouts Lifestylehotels\u2122 ist ein international agierendes Unternehmen mit Sitz in Graz. Als einer der Pioniere der Lifestyle orientierten Hotellerie sind wir seit mehr als 20 Jahren erfolgreich am Markt t\u00e4tig. Der Anspruch an \u00c4sthetik und Qualit\u00e4t ist zentral in unserer Vision einer modernen Hotellerie und er ist untrennbar mit unserem [&hellip;]","og_url":"https:\/\/lifestylehotels.masterbrain.com\/career\/","og_site_name":"Lifestylehotels\u2122","article_modified_time":"2022-08-09T10:47:21+00:00","og_image":[{"url":"https:\/\/www.lifestylehotels.net\/wp-content\/uploads\/2022\/05\/El-Agua_Slider_09.jpg"}],"twitter_card":"summary_large_image","twitter_misc":{"Gesch\u00e4tzte Lesezeit":"2\u00a0Minuten"},"schema":{"@context":"https:\/\/schema.org","@graph":[{"@type":"WebPage","@id":"https:\/\/lifestylehotels.masterbrain.com\/career\/","url":"https:\/\/lifestylehotels.masterbrain.com\/career\/","name":"Career - Lifestylehotels\u2122","isPartOf":{"@id":"https:\/\/lifestylehotels.masterbrain.com\/de\/#website"},"datePublished":"2022-05-09T08:49:33+00:00","dateModified":"2022-08-09T10:47:21+00:00","breadcrumb":{"@id":"https:\/\/lifestylehotels.masterbrain.com\/career\/#breadcrumb"},"inLanguage":"de","potentialAction":[{"@type":"ReadAction","target":["https:\/\/lifestylehotels.masterbrain.com\/career\/"]}]},{"@type":"BreadcrumbList","@id":"https:\/\/lifestylehotels.masterbrain.com\/career\/#breadcrumb","itemListElement":[{"@type":"ListItem","position":1,"name":"Startseite","item":"https:\/\/lifestylehotels.masterbrain.com\/de\/"},{"@type":"ListItem","position":2,"name":"Career"}]},{"@type":"WebSite","@id":"https:\/\/lifestylehotels.masterbrain.com\/de\/#website","url":"https:\/\/lifestylehotels.masterbrain.com\/de\/","name":"Lifestylehotels\u2122","description":"","potentialAction":[{"@type":"SearchAction","target":{"@type":"EntryPoint","urlTemplate":"https:\/\/lifestylehotels.masterbrain.com\/de\/?s={search_term_string}"},"query-input":"required name=search_term_string"}],"inLanguage":"de"}]}},"_links":{"self":[{"href":"https:\/\/lifestylehotels.masterbrain.com\/de\/wp-json\/wp\/v2\/pages\/120342"}],"collection":[{"href":"https:\/\/lifestylehotels.masterbrain.com\/de\/wp-json\/wp\/v2\/pages"}],"about":[{"href":"https:\/\/lifestylehotels.masterbrain.com\/de\/wp-json\/wp\/v2\/types\/page"}],"author":[{"embeddable":true,"href":"https:\/\/lifestylehotels.masterbrain.com\/de\/wp-json\/wp\/v2\/users\/4"}],"replies":[{"embeddable":true,"href":"https:\/\/lifestylehotels.masterbrain.com\/de\/wp-json\/wp\/v2\/comments?post=120342"}],"version-history":[{"count":65,"href":"https:\/\/lifestylehotels.masterbrain.com\/de\/wp-json\/wp\/v2\/pages\/120342\/revisions"}],"predecessor-version":[{"id":127702,"href":"https:\/\/lifestylehotels.masterbrain.com\/de\/wp-json\/wp\/v2\/pages\/120342\/revisions\/127702"}],"wp:attachment":[{"href":"https:\/\/lifestylehotels.masterbrain.com\/de\/wp-json\/wp\/v2\/media?parent=120342"}],"curies":[{"name":"wp","href":"https:\/\/api.w.org\/{rel}","templated":true}]}}