{"id":23585,"date":"2019-11-17T22:35:31","date_gmt":"2019-11-17T21:35:31","guid":{"rendered":"https:\/\/www.lifestylehotels.net\/?page_id=23585"},"modified":"2024-01-18T08:41:57","modified_gmt":"2024-01-18T07:41:57","slug":"start","status":"publish","type":"page","link":"https:\/\/lifestylehotels.masterbrain.com\/de\/","title":{"rendered":"Stylish retreats for inspiring timeouts"},"content":{"rendered":"\n<p><strong>Lifestylehotels\u2122<\/strong> bringt sie an Orte an denen sie sich entfalten d\u00fcrfen. Entdecken sie nicht nur neue Pl\u00e4tze, sondern entdecken sie sich auch selbst. Die Welt in die wir sie entf\u00fchren m\u00f6chten ist eine Welt des D\u00fcrfens und der Achtsamkeit. Achtsamkeit ist in vielen unserer Mitgliedshotels mehr als ein Schlagwort. Farm-to-Table Konzepte, die Unterst\u00fctzung lokaler K\u00fcnstler, ein besonders Ressourcen schonender Betrieb des Hotels, oder das meditative Erleben von Natur sind nur einige Beispiele f\u00fcr die Bem\u00fchungen unserer Hoteliers. Der Anspruch an \u00c4sthetik und Qualit\u00e4t ist und bleibt zentral in unserer Vision einer modernen Hotellerie, aber im Sinne der neuen Spiritualit\u00e4t achtsamer und nachhaltiger.<\/p>\n","protected":false},"excerpt":{"rendered":"<p>Lifestylehotels\u2122 bringt sie an Orte an denen sie sich entfalten d\u00fcrfen. Entdecken sie nicht nur neue Pl\u00e4tze, sondern entdecken sie sich auch selbst. Die Welt in die wir sie entf\u00fchren m\u00f6chten ist eine Welt des D\u00fcrfens und der Achtsamkeit. Achtsamkeit ist in vielen unserer Mitgliedshotels mehr als ein Schlagwort. Farm-to-Table Konzepte, die Unterst\u00fctzung lokaler K\u00fcnstler, [&hellip;]<\/p>\n","protected":false},"author":4,"featured_media":0,"parent":0,"menu_order":63,"comment_status":"closed","ping_status":"closed","template":"","meta":{"inline_featured_image":false,"footnotes":""},"acf":[],"yoast_head":"<!-- This site is optimized with the Yoast SEO plugin v21.9 - https:\/\/yoast.com\/wordpress\/plugins\/seo\/ -->\n<title>Stylish retreats for inspiring timeouts - Lifestylehotels<\/title>\n<meta name=\"description\" content=\"Lifestylehotels | Stylish retreats for inspiring timeouts | Zeitgen\u00f6ssisches Design, ausgefallene Architektur und h\u00f6chste Qualit\u00e4t\" \/>\n<meta name=\"robots\" content=\"noindex, follow, max-snippet:-1, max-image-preview:large, max-video-preview:-1\" \/>\n<meta property=\"og:locale\" content=\"de_DE\" \/>\n<meta property=\"og:type\" content=\"article\" \/>\n<meta property=\"og:title\" content=\"Stylish retreats for inspiring timeouts - Lifestylehotels\" \/>\n<meta property=\"og:description\" content=\"Lifestylehotels | Stylish retreats for inspiring timeouts | Zeitgen\u00f6ssisches Design, ausgefallene Architektur und h\u00f6chste Qualit\u00e4t\" \/>\n<meta property=\"og:url\" content=\"https:\/\/lifestylehotels.masterbrain.com\/de\/\" \/>\n<meta property=\"og:site_name\" content=\"Lifestylehotels\u2122\" \/>\n<meta property=\"article:modified_time\" content=\"2024-01-18T07:41:57+00:00\" \/>\n<meta name=\"twitter:card\" content=\"summary_large_image\" \/>\n<meta name=\"twitter:label1\" content=\"Gesch\u00e4tzte Lesezeit\" \/>\n\t<meta name=\"twitter:data1\" content=\"1\u00a0Minute\" \/>\n<script type=\"application\/ld+json\" class=\"yoast-schema-graph\">{\"@context\":\"https:\/\/schema.org\",\"@graph\":[{\"@type\":\"WebPage\",\"@id\":\"https:\/\/lifestylehotels.masterbrain.com\/de\/\",\"url\":\"https:\/\/lifestylehotels.masterbrain.com\/de\/\",\"name\":\"Stylish retreats for inspiring timeouts - Lifestylehotels\",\"isPartOf\":{\"@id\":\"https:\/\/lifestylehotels.masterbrain.com\/de\/#website\"},\"datePublished\":\"2019-11-17T21:35:31+00:00\",\"dateModified\":\"2024-01-18T07:41:57+00:00\",\"description\":\"Lifestylehotels | Stylish retreats for inspiring timeouts | Zeitgen\u00f6ssisches Design, ausgefallene Architektur und h\u00f6chste Qualit\u00e4t\",\"breadcrumb\":{\"@id\":\"https:\/\/lifestylehotels.masterbrain.com\/de\/#breadcrumb\"},\"inLanguage\":\"de\",\"potentialAction\":[{\"@type\":\"ReadAction\",\"target\":[\"https:\/\/lifestylehotels.masterbrain.com\/de\/\"]}]},{\"@type\":\"BreadcrumbList\",\"@id\":\"https:\/\/lifestylehotels.masterbrain.com\/de\/#breadcrumb\",\"itemListElement\":[{\"@type\":\"ListItem\",\"position\":1,\"name\":\"Startseite\",\"item\":\"https:\/\/lifestylehotels.masterbrain.com\/de\/\"},{\"@type\":\"ListItem\",\"position\":2,\"name\":\"Stylish retreats for inspiring timeouts\"}]},{\"@type\":\"WebSite\",\"@id\":\"https:\/\/lifestylehotels.masterbrain.com\/de\/#website\",\"url\":\"https:\/\/lifestylehotels.masterbrain.com\/de\/\",\"name\":\"Lifestylehotels\u2122\",\"description\":\"\",\"potentialAction\":[{\"@type\":\"SearchAction\",\"target\":{\"@type\":\"EntryPoint\",\"urlTemplate\":\"https:\/\/lifestylehotels.masterbrain.com\/de\/?s={search_term_string}\"},\"query-input\":\"required name=search_term_string\"}],\"inLanguage\":\"de\"}]}<\/script>\n<!-- \/ Yoast SEO plugin. -->","yoast_head_json":{"title":"Stylish retreats for inspiring timeouts - Lifestylehotels","description":"Lifestylehotels | Stylish retreats for inspiring timeouts | Zeitgen\u00f6ssisches Design, ausgefallene Architektur und h\u00f6chste Qualit\u00e4t","robots":{"index":"noindex","follow":"follow","max-snippet":"max-snippet:-1","max-image-preview":"max-image-preview:large","max-video-preview":"max-video-preview:-1"},"og_locale":"de_DE","og_type":"article","og_title":"Stylish retreats for inspiring timeouts - Lifestylehotels","og_description":"Lifestylehotels | Stylish retreats for inspiring timeouts | Zeitgen\u00f6ssisches Design, ausgefallene Architektur und h\u00f6chste Qualit\u00e4t","og_url":"https:\/\/lifestylehotels.masterbrain.com\/de\/","og_site_name":"Lifestylehotels\u2122","article_modified_time":"2024-01-18T07:41:57+00:00","twitter_card":"summary_large_image","twitter_misc":{"Gesch\u00e4tzte Lesezeit":"1\u00a0Minute"},"schema":{"@context":"https:\/\/schema.org","@graph":[{"@type":"WebPage","@id":"https:\/\/lifestylehotels.masterbrain.com\/de\/","url":"https:\/\/lifestylehotels.masterbrain.com\/de\/","name":"Stylish retreats for inspiring timeouts - Lifestylehotels","isPartOf":{"@id":"https:\/\/lifestylehotels.masterbrain.com\/de\/#website"},"datePublished":"2019-11-17T21:35:31+00:00","dateModified":"2024-01-18T07:41:57+00:00","description":"Lifestylehotels | Stylish retreats for inspiring timeouts | Zeitgen\u00f6ssisches Design, ausgefallene Architektur und h\u00f6chste Qualit\u00e4t","breadcrumb":{"@id":"https:\/\/lifestylehotels.masterbrain.com\/de\/#breadcrumb"},"inLanguage":"de","potentialAction":[{"@type":"ReadAction","target":["https:\/\/lifestylehotels.masterbrain.com\/de\/"]}]},{"@type":"BreadcrumbList","@id":"https:\/\/lifestylehotels.masterbrain.com\/de\/#breadcrumb","itemListElement":[{"@type":"ListItem","position":1,"name":"Startseite","item":"https:\/\/lifestylehotels.masterbrain.com\/de\/"},{"@type":"ListItem","position":2,"name":"Stylish retreats for inspiring timeouts"}]},{"@type":"WebSite","@id":"https:\/\/lifestylehotels.masterbrain.com\/de\/#website","url":"https:\/\/lifestylehotels.masterbrain.com\/de\/","name":"Lifestylehotels\u2122","description":"","potentialAction":[{"@type":"SearchAction","target":{"@type":"EntryPoint","urlTemplate":"https:\/\/lifestylehotels.masterbrain.com\/de\/?s={search_term_string}"},"query-input":"required name=search_term_string"}],"inLanguage":"de"}]}},"_links":{"self":[{"href":"https:\/\/lifestylehotels.masterbrain.com\/de\/wp-json\/wp\/v2\/pages\/23585"}],"collection":[{"href":"https:\/\/lifestylehotels.masterbrain.com\/de\/wp-json\/wp\/v2\/pages"}],"about":[{"href":"https:\/\/lifestylehotels.masterbrain.com\/de\/wp-json\/wp\/v2\/types\/page"}],"author":[{"embeddable":true,"href":"https:\/\/lifestylehotels.masterbrain.com\/de\/wp-json\/wp\/v2\/users\/4"}],"replies":[{"embeddable":true,"href":"https:\/\/lifestylehotels.masterbrain.com\/de\/wp-json\/wp\/v2\/comments?post=23585"}],"version-history":[{"count":1054,"href":"https:\/\/lifestylehotels.masterbrain.com\/de\/wp-json\/wp\/v2\/pages\/23585\/revisions"}],"predecessor-version":[{"id":672045,"href":"https:\/\/lifestylehotels.masterbrain.com\/de\/wp-json\/wp\/v2\/pages\/23585\/revisions\/672045"}],"wp:attachment":[{"href":"https:\/\/lifestylehotels.masterbrain.com\/de\/wp-json\/wp\/v2\/media?parent=23585"}],"curies":[{"name":"wp","href":"https:\/\/api.w.org\/{rel}","templated":true}]}}