{"id":31,"date":"2019-09-28T01:09:14","date_gmt":"2019-09-27T23:09:14","guid":{"rendered":"https:\/\/www.lifestylehotels.net\/?page_id=31"},"modified":"2022-03-10T12:37:16","modified_gmt":"2022-03-10T11:37:16","slug":"stories","status":"publish","type":"page","link":"https:\/\/lifestylehotels.masterbrain.com\/de\/stories\/","title":{"rendered":"Stories"},"content":{"rendered":"\n<h1 class=\"wp-block-heading\">LIFESTYLEHOTELS Stories &#8211; we love to tell our member&#8217;s stories!<\/h1>\n\n\n\n<p>Hinter jedem LIFESTYLEHOTELS Member steckt ein einzigartiges und vision\u00e4res Konzept. Hinter jedem Hotel verbergen sich spannende Pers\u00f6nlichkeiten, ohne die es die Hotels nicht g\u00e4be. Jedes Hotel hat viele spannende Geschichten, die es wert sind erz\u00e4hlt zu werden. Wir m\u00f6chten Ihnen mit diesen exklusiven Blicken hinter die Kulissen Lust auf unsere LIFESTYLEHOTELS machen. Wir wollen Sie inspirieren und begeistern. In den Kategorien Aktiv &amp; Wellness, Design &amp; Architektur, Destinationen, Eat &amp; Drink und Pers\u00f6nlichkeiten finden Sie laufend neue Geschichten. <\/p>\n","protected":false},"excerpt":{"rendered":"<p>LIFESTYLEHOTELS Stories &#8211; we love to tell our member&#8217;s stories! Hinter jedem LIFESTYLEHOTELS Member steckt ein einzigartiges und vision\u00e4res Konzept. Hinter jedem Hotel verbergen sich spannende Pers\u00f6nlichkeiten, ohne die es die Hotels nicht g\u00e4be. Jedes Hotel hat viele spannende Geschichten, die es wert sind erz\u00e4hlt zu werden. Wir m\u00f6chten Ihnen mit diesen exklusiven Blicken hinter [&hellip;]<\/p>\n","protected":false},"author":1,"featured_media":0,"parent":0,"menu_order":78,"comment_status":"closed","ping_status":"closed","template":"","meta":{"inline_featured_image":false,"footnotes":""},"acf":[],"yoast_head":"<!-- This site is optimized with the Yoast SEO plugin v21.9 - https:\/\/yoast.com\/wordpress\/plugins\/seo\/ -->\n<title>LIFESTYLEHOTELS Stories - we love to tell our member&#039;s stories!<\/title>\n<meta name=\"description\" content=\"In den LIFESTYLEHOTELS Stories erz\u00e4hlen wir von Hotels mit vision\u00e4ren Konzepten und spannenden Pers\u00f6nlichkeiten, die unsere Member Hotels einzigartig machen\" \/>\n<meta name=\"robots\" content=\"noindex, follow, max-snippet:-1, max-image-preview:large, max-video-preview:-1\" \/>\n<meta property=\"og:locale\" content=\"de_DE\" \/>\n<meta property=\"og:type\" content=\"article\" \/>\n<meta property=\"og:title\" content=\"LIFESTYLEHOTELS Stories - we love to tell our member&#039;s stories!\" \/>\n<meta property=\"og:description\" content=\"In den LIFESTYLEHOTELS Stories erz\u00e4hlen wir von Hotels mit vision\u00e4ren Konzepten und spannenden Pers\u00f6nlichkeiten, die unsere Member Hotels einzigartig machen\" \/>\n<meta property=\"og:url\" content=\"https:\/\/lifestylehotels.masterbrain.com\/stories\/\" \/>\n<meta property=\"og:site_name\" content=\"Lifestylehotels\u2122\" \/>\n<meta property=\"article:modified_time\" content=\"2022-03-10T11:37:16+00:00\" \/>\n<meta name=\"twitter:card\" content=\"summary_large_image\" \/>\n<meta name=\"twitter:label1\" content=\"Gesch\u00e4tzte Lesezeit\" \/>\n\t<meta name=\"twitter:data1\" content=\"1\u00a0Minute\" \/>\n<script type=\"application\/ld+json\" class=\"yoast-schema-graph\">{\"@context\":\"https:\/\/schema.org\",\"@graph\":[{\"@type\":\"WebPage\",\"@id\":\"https:\/\/lifestylehotels.masterbrain.com\/stories\/\",\"url\":\"https:\/\/lifestylehotels.masterbrain.com\/stories\/\",\"name\":\"LIFESTYLEHOTELS Stories - we love to tell our member's stories!\",\"isPartOf\":{\"@id\":\"https:\/\/lifestylehotels.masterbrain.com\/de\/#website\"},\"datePublished\":\"2019-09-27T23:09:14+00:00\",\"dateModified\":\"2022-03-10T11:37:16+00:00\",\"description\":\"In den LIFESTYLEHOTELS Stories erz\u00e4hlen wir von Hotels mit vision\u00e4ren Konzepten und spannenden Pers\u00f6nlichkeiten, die unsere Member Hotels einzigartig machen\",\"breadcrumb\":{\"@id\":\"https:\/\/lifestylehotels.masterbrain.com\/stories\/#breadcrumb\"},\"inLanguage\":\"de\",\"potentialAction\":[{\"@type\":\"ReadAction\",\"target\":[\"https:\/\/lifestylehotels.masterbrain.com\/stories\/\"]}]},{\"@type\":\"BreadcrumbList\",\"@id\":\"https:\/\/lifestylehotels.masterbrain.com\/stories\/#breadcrumb\",\"itemListElement\":[{\"@type\":\"ListItem\",\"position\":1,\"name\":\"Startseite\",\"item\":\"https:\/\/lifestylehotels.masterbrain.com\/de\/\"},{\"@type\":\"ListItem\",\"position\":2,\"name\":\"Stories\"}]},{\"@type\":\"WebSite\",\"@id\":\"https:\/\/lifestylehotels.masterbrain.com\/de\/#website\",\"url\":\"https:\/\/lifestylehotels.masterbrain.com\/de\/\",\"name\":\"Lifestylehotels\u2122\",\"description\":\"\",\"potentialAction\":[{\"@type\":\"SearchAction\",\"target\":{\"@type\":\"EntryPoint\",\"urlTemplate\":\"https:\/\/lifestylehotels.masterbrain.com\/de\/?s={search_term_string}\"},\"query-input\":\"required name=search_term_string\"}],\"inLanguage\":\"de\"}]}<\/script>\n<!-- \/ Yoast SEO plugin. -->","yoast_head_json":{"title":"LIFESTYLEHOTELS Stories - we love to tell our member's stories!","description":"In den LIFESTYLEHOTELS Stories erz\u00e4hlen wir von Hotels mit vision\u00e4ren Konzepten und spannenden Pers\u00f6nlichkeiten, die unsere Member Hotels einzigartig machen","robots":{"index":"noindex","follow":"follow","max-snippet":"max-snippet:-1","max-image-preview":"max-image-preview:large","max-video-preview":"max-video-preview:-1"},"og_locale":"de_DE","og_type":"article","og_title":"LIFESTYLEHOTELS Stories - we love to tell our member's stories!","og_description":"In den LIFESTYLEHOTELS Stories erz\u00e4hlen wir von Hotels mit vision\u00e4ren Konzepten und spannenden Pers\u00f6nlichkeiten, die unsere Member Hotels einzigartig machen","og_url":"https:\/\/lifestylehotels.masterbrain.com\/stories\/","og_site_name":"Lifestylehotels\u2122","article_modified_time":"2022-03-10T11:37:16+00:00","twitter_card":"summary_large_image","twitter_misc":{"Gesch\u00e4tzte Lesezeit":"1\u00a0Minute"},"schema":{"@context":"https:\/\/schema.org","@graph":[{"@type":"WebPage","@id":"https:\/\/lifestylehotels.masterbrain.com\/stories\/","url":"https:\/\/lifestylehotels.masterbrain.com\/stories\/","name":"LIFESTYLEHOTELS Stories - we love to tell our member's stories!","isPartOf":{"@id":"https:\/\/lifestylehotels.masterbrain.com\/de\/#website"},"datePublished":"2019-09-27T23:09:14+00:00","dateModified":"2022-03-10T11:37:16+00:00","description":"In den LIFESTYLEHOTELS Stories erz\u00e4hlen wir von Hotels mit vision\u00e4ren Konzepten und spannenden Pers\u00f6nlichkeiten, die unsere Member Hotels einzigartig machen","breadcrumb":{"@id":"https:\/\/lifestylehotels.masterbrain.com\/stories\/#breadcrumb"},"inLanguage":"de","potentialAction":[{"@type":"ReadAction","target":["https:\/\/lifestylehotels.masterbrain.com\/stories\/"]}]},{"@type":"BreadcrumbList","@id":"https:\/\/lifestylehotels.masterbrain.com\/stories\/#breadcrumb","itemListElement":[{"@type":"ListItem","position":1,"name":"Startseite","item":"https:\/\/lifestylehotels.masterbrain.com\/de\/"},{"@type":"ListItem","position":2,"name":"Stories"}]},{"@type":"WebSite","@id":"https:\/\/lifestylehotels.masterbrain.com\/de\/#website","url":"https:\/\/lifestylehotels.masterbrain.com\/de\/","name":"Lifestylehotels\u2122","description":"","potentialAction":[{"@type":"SearchAction","target":{"@type":"EntryPoint","urlTemplate":"https:\/\/lifestylehotels.masterbrain.com\/de\/?s={search_term_string}"},"query-input":"required name=search_term_string"}],"inLanguage":"de"}]}},"_links":{"self":[{"href":"https:\/\/lifestylehotels.masterbrain.com\/de\/wp-json\/wp\/v2\/pages\/31"}],"collection":[{"href":"https:\/\/lifestylehotels.masterbrain.com\/de\/wp-json\/wp\/v2\/pages"}],"about":[{"href":"https:\/\/lifestylehotels.masterbrain.com\/de\/wp-json\/wp\/v2\/types\/page"}],"author":[{"embeddable":true,"href":"https:\/\/lifestylehotels.masterbrain.com\/de\/wp-json\/wp\/v2\/users\/1"}],"replies":[{"embeddable":true,"href":"https:\/\/lifestylehotels.masterbrain.com\/de\/wp-json\/wp\/v2\/comments?post=31"}],"version-history":[{"count":7,"href":"https:\/\/lifestylehotels.masterbrain.com\/de\/wp-json\/wp\/v2\/pages\/31\/revisions"}],"predecessor-version":[{"id":87302,"href":"https:\/\/lifestylehotels.masterbrain.com\/de\/wp-json\/wp\/v2\/pages\/31\/revisions\/87302"}],"wp:attachment":[{"href":"https:\/\/lifestylehotels.masterbrain.com\/de\/wp-json\/wp\/v2\/media?parent=31"}],"curies":[{"name":"wp","href":"https:\/\/api.w.org\/{rel}","templated":true}]}}