{"id":402325,"date":"2023-01-09T08:15:36","date_gmt":"2023-01-09T07:15:36","guid":{"rendered":"https:\/\/www.lifestylehotels.net\/?page_id=402325"},"modified":"2023-01-09T11:14:46","modified_gmt":"2023-01-09T10:14:46","slug":"belgien","status":"publish","type":"page","link":"https:\/\/lifestylehotels.masterbrain.com\/de\/belgien\/","title":{"rendered":"Belgien"},"content":{"rendered":"\n<h1 class=\"wp-block-heading\">Belgien<\/h1>\n\n\n\n<p>Als Urlaubsland ist Belgien ein exzellenter Geheimtipp mitten in Europa. Im st\u00e4ndigen Wettstreit versuchen die Regionen und St\u00e4dte, sich in Kultur, Architektur und Gastfreundschaft zu \u00fcbertrumpfen. F\u00fcr den Besucher ist das Land zu einer reichhaltigen Fundgrube geworden! Sie schwelgen derweil gen\u00fcsslich in einem kulturellen \u00dcberfluss, den das Naturerlebnis im Belgien Urlaub von K\u00fcsten-, Moor- und Berglandschaften wundervoll erg\u00e4nzt.<\/p>\n","protected":false},"excerpt":{"rendered":"<p>Belgien Als Urlaubsland ist Belgien ein exzellenter Geheimtipp mitten in Europa. Im st\u00e4ndigen Wettstreit versuchen die Regionen und St\u00e4dte, sich in Kultur, Architektur und Gastfreundschaft zu \u00fcbertrumpfen. F\u00fcr den Besucher ist das Land zu einer reichhaltigen Fundgrube geworden! Sie schwelgen derweil gen\u00fcsslich in einem kulturellen \u00dcberfluss, den das Naturerlebnis im Belgien Urlaub von K\u00fcsten-, Moor- [&hellip;]<\/p>\n","protected":false},"author":4,"featured_media":402326,"parent":0,"menu_order":0,"comment_status":"closed","ping_status":"closed","template":"templatedestination.php","meta":{"inline_featured_image":false,"footnotes":""},"acf":[],"yoast_head":"<!-- This site is optimized with the Yoast SEO plugin v21.9 - https:\/\/yoast.com\/wordpress\/plugins\/seo\/ -->\n<title>Belgien - Lifestylehotels\u2122<\/title>\n<meta name=\"description\" content=\"Als Urlaubsland ist Belgien ein exzellenter Geheimtipp mitten in Europa. Im st\u00e4ndigen Wettstreit versuchen die Regionen und St\u00e4dte ...\" \/>\n<meta name=\"robots\" content=\"noindex, follow, max-snippet:-1, max-image-preview:large, max-video-preview:-1\" \/>\n<meta property=\"og:locale\" content=\"de_DE\" \/>\n<meta property=\"og:type\" content=\"article\" \/>\n<meta property=\"og:title\" content=\"Belgien - Lifestylehotels\u2122\" \/>\n<meta property=\"og:description\" content=\"Als Urlaubsland ist Belgien ein exzellenter Geheimtipp mitten in Europa. Im st\u00e4ndigen Wettstreit versuchen die Regionen und St\u00e4dte ...\" \/>\n<meta property=\"og:url\" content=\"https:\/\/lifestylehotels.masterbrain.com\/belgien\/\" \/>\n<meta property=\"og:site_name\" content=\"Lifestylehotels\u2122\" \/>\n<meta property=\"article:modified_time\" content=\"2023-01-09T10:14:46+00:00\" \/>\n<meta property=\"og:image\" content=\"https:\/\/lifestylehotels.masterbrain.com\/wp-content\/uploads\/2023\/01\/louis-droege-RxnyFf48Xyw-unsplash-scaled.jpg\" \/>\n\t<meta property=\"og:image:width\" content=\"966\" \/>\n\t<meta property=\"og:image:height\" content=\"1500\" \/>\n\t<meta property=\"og:image:type\" content=\"image\/jpeg\" \/>\n<meta name=\"twitter:card\" content=\"summary_large_image\" \/>\n<meta name=\"twitter:label1\" content=\"Gesch\u00e4tzte Lesezeit\" \/>\n\t<meta name=\"twitter:data1\" content=\"1\u00a0Minute\" \/>\n<script type=\"application\/ld+json\" class=\"yoast-schema-graph\">{\"@context\":\"https:\/\/schema.org\",\"@graph\":[{\"@type\":\"WebPage\",\"@id\":\"https:\/\/lifestylehotels.masterbrain.com\/belgien\/\",\"url\":\"https:\/\/lifestylehotels.masterbrain.com\/belgien\/\",\"name\":\"Belgien - Lifestylehotels\u2122\",\"isPartOf\":{\"@id\":\"https:\/\/lifestylehotels.masterbrain.com\/de\/#website\"},\"datePublished\":\"2023-01-09T07:15:36+00:00\",\"dateModified\":\"2023-01-09T10:14:46+00:00\",\"description\":\"Als Urlaubsland ist Belgien ein exzellenter Geheimtipp mitten in Europa. Im st\u00e4ndigen Wettstreit versuchen die Regionen und St\u00e4dte ...\",\"breadcrumb\":{\"@id\":\"https:\/\/lifestylehotels.masterbrain.com\/belgien\/#breadcrumb\"},\"inLanguage\":\"de\",\"potentialAction\":[{\"@type\":\"ReadAction\",\"target\":[\"https:\/\/lifestylehotels.masterbrain.com\/belgien\/\"]}]},{\"@type\":\"BreadcrumbList\",\"@id\":\"https:\/\/lifestylehotels.masterbrain.com\/belgien\/#breadcrumb\",\"itemListElement\":[{\"@type\":\"ListItem\",\"position\":1,\"name\":\"Startseite\",\"item\":\"https:\/\/lifestylehotels.masterbrain.com\/de\/\"},{\"@type\":\"ListItem\",\"position\":2,\"name\":\"Belgien\"}]},{\"@type\":\"WebSite\",\"@id\":\"https:\/\/lifestylehotels.masterbrain.com\/de\/#website\",\"url\":\"https:\/\/lifestylehotels.masterbrain.com\/de\/\",\"name\":\"Lifestylehotels\u2122\",\"description\":\"\",\"potentialAction\":[{\"@type\":\"SearchAction\",\"target\":{\"@type\":\"EntryPoint\",\"urlTemplate\":\"https:\/\/lifestylehotels.masterbrain.com\/de\/?s={search_term_string}\"},\"query-input\":\"required name=search_term_string\"}],\"inLanguage\":\"de\"}]}<\/script>\n<!-- \/ Yoast SEO plugin. -->","yoast_head_json":{"title":"Belgien - Lifestylehotels\u2122","description":"Als Urlaubsland ist Belgien ein exzellenter Geheimtipp mitten in Europa. Im st\u00e4ndigen Wettstreit versuchen die Regionen und St\u00e4dte ...","robots":{"index":"noindex","follow":"follow","max-snippet":"max-snippet:-1","max-image-preview":"max-image-preview:large","max-video-preview":"max-video-preview:-1"},"og_locale":"de_DE","og_type":"article","og_title":"Belgien - Lifestylehotels\u2122","og_description":"Als Urlaubsland ist Belgien ein exzellenter Geheimtipp mitten in Europa. Im st\u00e4ndigen Wettstreit versuchen die Regionen und St\u00e4dte ...","og_url":"https:\/\/lifestylehotels.masterbrain.com\/belgien\/","og_site_name":"Lifestylehotels\u2122","article_modified_time":"2023-01-09T10:14:46+00:00","og_image":[{"width":966,"height":1500,"url":"https:\/\/lifestylehotels.masterbrain.com\/wp-content\/uploads\/2023\/01\/louis-droege-RxnyFf48Xyw-unsplash-scaled.jpg","type":"image\/jpeg"}],"twitter_card":"summary_large_image","twitter_misc":{"Gesch\u00e4tzte Lesezeit":"1\u00a0Minute"},"schema":{"@context":"https:\/\/schema.org","@graph":[{"@type":"WebPage","@id":"https:\/\/lifestylehotels.masterbrain.com\/belgien\/","url":"https:\/\/lifestylehotels.masterbrain.com\/belgien\/","name":"Belgien - Lifestylehotels\u2122","isPartOf":{"@id":"https:\/\/lifestylehotels.masterbrain.com\/de\/#website"},"datePublished":"2023-01-09T07:15:36+00:00","dateModified":"2023-01-09T10:14:46+00:00","description":"Als Urlaubsland ist Belgien ein exzellenter Geheimtipp mitten in Europa. Im st\u00e4ndigen Wettstreit versuchen die Regionen und St\u00e4dte ...","breadcrumb":{"@id":"https:\/\/lifestylehotels.masterbrain.com\/belgien\/#breadcrumb"},"inLanguage":"de","potentialAction":[{"@type":"ReadAction","target":["https:\/\/lifestylehotels.masterbrain.com\/belgien\/"]}]},{"@type":"BreadcrumbList","@id":"https:\/\/lifestylehotels.masterbrain.com\/belgien\/#breadcrumb","itemListElement":[{"@type":"ListItem","position":1,"name":"Startseite","item":"https:\/\/lifestylehotels.masterbrain.com\/de\/"},{"@type":"ListItem","position":2,"name":"Belgien"}]},{"@type":"WebSite","@id":"https:\/\/lifestylehotels.masterbrain.com\/de\/#website","url":"https:\/\/lifestylehotels.masterbrain.com\/de\/","name":"Lifestylehotels\u2122","description":"","potentialAction":[{"@type":"SearchAction","target":{"@type":"EntryPoint","urlTemplate":"https:\/\/lifestylehotels.masterbrain.com\/de\/?s={search_term_string}"},"query-input":"required name=search_term_string"}],"inLanguage":"de"}]}},"_links":{"self":[{"href":"https:\/\/lifestylehotels.masterbrain.com\/de\/wp-json\/wp\/v2\/pages\/402325"}],"collection":[{"href":"https:\/\/lifestylehotels.masterbrain.com\/de\/wp-json\/wp\/v2\/pages"}],"about":[{"href":"https:\/\/lifestylehotels.masterbrain.com\/de\/wp-json\/wp\/v2\/types\/page"}],"author":[{"embeddable":true,"href":"https:\/\/lifestylehotels.masterbrain.com\/de\/wp-json\/wp\/v2\/users\/4"}],"replies":[{"embeddable":true,"href":"https:\/\/lifestylehotels.masterbrain.com\/de\/wp-json\/wp\/v2\/comments?post=402325"}],"version-history":[{"count":2,"href":"https:\/\/lifestylehotels.masterbrain.com\/de\/wp-json\/wp\/v2\/pages\/402325\/revisions"}],"predecessor-version":[{"id":402329,"href":"https:\/\/lifestylehotels.masterbrain.com\/de\/wp-json\/wp\/v2\/pages\/402325\/revisions\/402329"}],"wp:featuredmedia":[{"embeddable":true,"href":"https:\/\/lifestylehotels.masterbrain.com\/de\/wp-json\/wp\/v2\/media\/402326"}],"wp:attachment":[{"href":"https:\/\/lifestylehotels.masterbrain.com\/de\/wp-json\/wp\/v2\/media?parent=402325"}],"curies":[{"name":"wp","href":"https:\/\/api.w.org\/{rel}","templated":true}]}}