{"id":49,"date":"2019-09-28T01:56:41","date_gmt":"2019-09-27T23:56:41","guid":{"rendered":"https:\/\/www.lifestylehotels.net\/?page_id=49"},"modified":"2022-02-13T00:49:49","modified_gmt":"2022-02-12T23:49:49","slug":"kontakt","status":"publish","type":"page","link":"https:\/\/lifestylehotels.masterbrain.com\/de\/kontakt\/","title":{"rendered":"Kontakt"},"content":{"rendered":"\n<h3 class=\"wp-block-heading\">Lifestylehotels<\/h3>\n\n\n\n<h1 class=\"contact wp-block-heading\">Kontakt<\/h1>\n\n\n\n<h2 class=\"wp-block-heading\"><strong>Wir freuen uns, wenn Sie mit uns Kontakt aufnehmen!<\/strong><\/h2>\n\n\n\n<p>LIFESTYLEHOTELS<br>an official brand of<br>PRIME TIME<br>Touristik &amp; Marketing GmbH<\/p>\n\n\n\n<p>Schmiedgasse 38, 8010 Graz, Austria<\/p>\n\n\n\n<p>T: <a href=\"tel:+43316838888\">+43-316-83 88 88<\/a><br>F: +43-316-83 88 88-22<\/p>\n\n\n\n<p><a href=\"mailto:office@lifestylehotels.net\">office@lifestylehotels.net<\/a><\/p>\n\n\n\n<p><\/p>\n","protected":false},"excerpt":{"rendered":"<p>Lifestylehotels Kontakt Wir freuen uns, wenn Sie mit uns Kontakt aufnehmen! LIFESTYLEHOTELSan official brand ofPRIME TIMETouristik &amp; Marketing GmbH Schmiedgasse 38, 8010 Graz, Austria T: +43-316-83 88 88F: +43-316-83 88 88-22 office@lifestylehotels.net<\/p>\n","protected":false},"author":1,"featured_media":0,"parent":0,"menu_order":74,"comment_status":"closed","ping_status":"closed","template":"","meta":{"inline_featured_image":false,"footnotes":""},"acf":[],"yoast_head":"<!-- This site is optimized with the Yoast SEO plugin v21.9 - https:\/\/yoast.com\/wordpress\/plugins\/seo\/ -->\n<title>Treten Sie in Kontakt mit LIFESTYLEHOTELS - wir informieren Sie gerne!<\/title>\n<meta name=\"description\" content=\"Treten Sie in Kontakt mit LIFESTYLEHOTELS - au\u00dfergew\u00f6hnliche Hotels f\u00fcr anspruchsvolle G\u00e4ste mit zeitgem\u00e4\u00dfem Design und au\u00dfergew\u00f6hnlicher Architektur.\" \/>\n<meta name=\"robots\" content=\"noindex, follow, max-snippet:-1, max-image-preview:large, max-video-preview:-1\" \/>\n<meta property=\"og:locale\" content=\"de_DE\" \/>\n<meta property=\"og:type\" content=\"article\" \/>\n<meta property=\"og:title\" content=\"Treten Sie in Kontakt mit LIFESTYLEHOTELS - wir informieren Sie gerne!\" \/>\n<meta property=\"og:description\" content=\"Treten Sie in Kontakt mit LIFESTYLEHOTELS - au\u00dfergew\u00f6hnliche Hotels f\u00fcr anspruchsvolle G\u00e4ste mit zeitgem\u00e4\u00dfem Design und au\u00dfergew\u00f6hnlicher Architektur.\" \/>\n<meta property=\"og:url\" content=\"https:\/\/lifestylehotels.masterbrain.com\/kontakt\/\" \/>\n<meta property=\"og:site_name\" content=\"Lifestylehotels\u2122\" \/>\n<meta property=\"article:modified_time\" content=\"2022-02-12T23:49:49+00:00\" \/>\n<meta name=\"twitter:card\" content=\"summary_large_image\" \/>\n<meta name=\"twitter:label1\" content=\"Gesch\u00e4tzte Lesezeit\" \/>\n\t<meta name=\"twitter:data1\" content=\"1\u00a0Minute\" \/>\n<script type=\"application\/ld+json\" class=\"yoast-schema-graph\">{\"@context\":\"https:\/\/schema.org\",\"@graph\":[{\"@type\":\"WebPage\",\"@id\":\"https:\/\/lifestylehotels.masterbrain.com\/kontakt\/\",\"url\":\"https:\/\/lifestylehotels.masterbrain.com\/kontakt\/\",\"name\":\"Treten Sie in Kontakt mit LIFESTYLEHOTELS - wir informieren Sie gerne!\",\"isPartOf\":{\"@id\":\"https:\/\/lifestylehotels.masterbrain.com\/de\/#website\"},\"datePublished\":\"2019-09-27T23:56:41+00:00\",\"dateModified\":\"2022-02-12T23:49:49+00:00\",\"description\":\"Treten Sie in Kontakt mit LIFESTYLEHOTELS - au\u00dfergew\u00f6hnliche Hotels f\u00fcr anspruchsvolle G\u00e4ste mit zeitgem\u00e4\u00dfem Design und au\u00dfergew\u00f6hnlicher Architektur.\",\"breadcrumb\":{\"@id\":\"https:\/\/lifestylehotels.masterbrain.com\/kontakt\/#breadcrumb\"},\"inLanguage\":\"de\",\"potentialAction\":[{\"@type\":\"ReadAction\",\"target\":[\"https:\/\/lifestylehotels.masterbrain.com\/kontakt\/\"]}]},{\"@type\":\"BreadcrumbList\",\"@id\":\"https:\/\/lifestylehotels.masterbrain.com\/kontakt\/#breadcrumb\",\"itemListElement\":[{\"@type\":\"ListItem\",\"position\":1,\"name\":\"Startseite\",\"item\":\"https:\/\/lifestylehotels.masterbrain.com\/de\/\"},{\"@type\":\"ListItem\",\"position\":2,\"name\":\"Kontakt\"}]},{\"@type\":\"WebSite\",\"@id\":\"https:\/\/lifestylehotels.masterbrain.com\/de\/#website\",\"url\":\"https:\/\/lifestylehotels.masterbrain.com\/de\/\",\"name\":\"Lifestylehotels\u2122\",\"description\":\"\",\"potentialAction\":[{\"@type\":\"SearchAction\",\"target\":{\"@type\":\"EntryPoint\",\"urlTemplate\":\"https:\/\/lifestylehotels.masterbrain.com\/de\/?s={search_term_string}\"},\"query-input\":\"required name=search_term_string\"}],\"inLanguage\":\"de\"}]}<\/script>\n<!-- \/ Yoast SEO plugin. -->","yoast_head_json":{"title":"Treten Sie in Kontakt mit LIFESTYLEHOTELS - wir informieren Sie gerne!","description":"Treten Sie in Kontakt mit LIFESTYLEHOTELS - au\u00dfergew\u00f6hnliche Hotels f\u00fcr anspruchsvolle G\u00e4ste mit zeitgem\u00e4\u00dfem Design und au\u00dfergew\u00f6hnlicher Architektur.","robots":{"index":"noindex","follow":"follow","max-snippet":"max-snippet:-1","max-image-preview":"max-image-preview:large","max-video-preview":"max-video-preview:-1"},"og_locale":"de_DE","og_type":"article","og_title":"Treten Sie in Kontakt mit LIFESTYLEHOTELS - wir informieren Sie gerne!","og_description":"Treten Sie in Kontakt mit LIFESTYLEHOTELS - au\u00dfergew\u00f6hnliche Hotels f\u00fcr anspruchsvolle G\u00e4ste mit zeitgem\u00e4\u00dfem Design und au\u00dfergew\u00f6hnlicher Architektur.","og_url":"https:\/\/lifestylehotels.masterbrain.com\/kontakt\/","og_site_name":"Lifestylehotels\u2122","article_modified_time":"2022-02-12T23:49:49+00:00","twitter_card":"summary_large_image","twitter_misc":{"Gesch\u00e4tzte Lesezeit":"1\u00a0Minute"},"schema":{"@context":"https:\/\/schema.org","@graph":[{"@type":"WebPage","@id":"https:\/\/lifestylehotels.masterbrain.com\/kontakt\/","url":"https:\/\/lifestylehotels.masterbrain.com\/kontakt\/","name":"Treten Sie in Kontakt mit LIFESTYLEHOTELS - wir informieren Sie gerne!","isPartOf":{"@id":"https:\/\/lifestylehotels.masterbrain.com\/de\/#website"},"datePublished":"2019-09-27T23:56:41+00:00","dateModified":"2022-02-12T23:49:49+00:00","description":"Treten Sie in Kontakt mit LIFESTYLEHOTELS - au\u00dfergew\u00f6hnliche Hotels f\u00fcr anspruchsvolle G\u00e4ste mit zeitgem\u00e4\u00dfem Design und au\u00dfergew\u00f6hnlicher Architektur.","breadcrumb":{"@id":"https:\/\/lifestylehotels.masterbrain.com\/kontakt\/#breadcrumb"},"inLanguage":"de","potentialAction":[{"@type":"ReadAction","target":["https:\/\/lifestylehotels.masterbrain.com\/kontakt\/"]}]},{"@type":"BreadcrumbList","@id":"https:\/\/lifestylehotels.masterbrain.com\/kontakt\/#breadcrumb","itemListElement":[{"@type":"ListItem","position":1,"name":"Startseite","item":"https:\/\/lifestylehotels.masterbrain.com\/de\/"},{"@type":"ListItem","position":2,"name":"Kontakt"}]},{"@type":"WebSite","@id":"https:\/\/lifestylehotels.masterbrain.com\/de\/#website","url":"https:\/\/lifestylehotels.masterbrain.com\/de\/","name":"Lifestylehotels\u2122","description":"","potentialAction":[{"@type":"SearchAction","target":{"@type":"EntryPoint","urlTemplate":"https:\/\/lifestylehotels.masterbrain.com\/de\/?s={search_term_string}"},"query-input":"required name=search_term_string"}],"inLanguage":"de"}]}},"_links":{"self":[{"href":"https:\/\/lifestylehotels.masterbrain.com\/de\/wp-json\/wp\/v2\/pages\/49"}],"collection":[{"href":"https:\/\/lifestylehotels.masterbrain.com\/de\/wp-json\/wp\/v2\/pages"}],"about":[{"href":"https:\/\/lifestylehotels.masterbrain.com\/de\/wp-json\/wp\/v2\/types\/page"}],"author":[{"embeddable":true,"href":"https:\/\/lifestylehotels.masterbrain.com\/de\/wp-json\/wp\/v2\/users\/1"}],"replies":[{"embeddable":true,"href":"https:\/\/lifestylehotels.masterbrain.com\/de\/wp-json\/wp\/v2\/comments?post=49"}],"version-history":[{"count":12,"href":"https:\/\/lifestylehotels.masterbrain.com\/de\/wp-json\/wp\/v2\/pages\/49\/revisions"}],"predecessor-version":[{"id":88357,"href":"https:\/\/lifestylehotels.masterbrain.com\/de\/wp-json\/wp\/v2\/pages\/49\/revisions\/88357"}],"wp:attachment":[{"href":"https:\/\/lifestylehotels.masterbrain.com\/de\/wp-json\/wp\/v2\/media?parent=49"}],"curies":[{"name":"wp","href":"https:\/\/api.w.org\/{rel}","templated":true}]}}