{"id":52065,"date":"2021-09-13T23:08:17","date_gmt":"2021-09-13T21:08:17","guid":{"rendered":"https:\/\/www.lifestylehotels.net\/?page_id=52065"},"modified":"2023-01-26T14:34:06","modified_gmt":"2023-01-26T13:34:06","slug":"smart-traveller","status":"publish","type":"page","link":"https:\/\/lifestylehotels.masterbrain.com\/de\/smart-traveller\/","title":{"rendered":"Smart Traveller"},"content":{"rendered":"\n<h2 class=\"wp-block-heading\">Werden Sie ein Smart Traveller, indem Sie unserer exklusiven Community beitreten.<\/h2>\n\n\n\n<p><strong>Bis zu 70% Erm\u00e4ssigung &#8211; First Come, First Served &#8211; Fixer Preis &#8211; Keine Extrakosten<\/strong><br>Als Smart Traveller geh\u00f6ren Sie zu den Ersten, die erfahren, wenn Lifestylehotels\u2122 neue Smart Deals f\u00fcr seine Member Hotels vorstellt. Stillen Sie die Sehnsucht nach unbekannten Orten, nach besonderen Erlebnissen und einzigartigen Lifestylehotels und sichern Sie sich rechtzeitig die Smart Deals f\u00fcr 2023.<\/p>\n\n\n\n<p>Erhalten Sie <strong>Smart Deals<\/strong> f\u00fcr <strong>Promotion Nights<\/strong> in unseren besten H\u00e4usern sowie Erm\u00e4\u00dfigungen f\u00fcr exklusive  Printprodukte wie das <strong>THE Stylemate Magazin<\/strong> oder das <strong>Lifestylehotels\u2122 Coffee Table Book<\/strong>. <\/p>\n\n\n\n<p>Lassen Sie sich inspirieren und verw\u00f6hnen Sie sich mit einem unvergleichlichen Urlaubserlebnis. Einfach f\u00fcr den Smart Traveller Newsletter anmelden und schon genie\u00dfen Sie alle Vorteile!<\/p>\n","protected":false},"excerpt":{"rendered":"<p>Werden Sie ein Smart Traveller, indem Sie unserer exklusiven Community beitreten. Bis zu 70% Erm\u00e4ssigung &#8211; First Come, First Served &#8211; Fixer Preis &#8211; Keine ExtrakostenAls Smart Traveller geh\u00f6ren Sie zu den Ersten, die erfahren, wenn Lifestylehotels\u2122 neue Smart Deals f\u00fcr seine Member Hotels vorstellt. Stillen Sie die Sehnsucht nach unbekannten Orten, nach besonderen Erlebnissen [&hellip;]<\/p>\n","protected":false},"author":1,"featured_media":88622,"parent":0,"menu_order":36,"comment_status":"closed","ping_status":"closed","template":"","meta":{"inline_featured_image":false,"footnotes":""},"acf":[],"yoast_head":"<!-- This site is optimized with the Yoast SEO plugin v21.9 - https:\/\/yoast.com\/wordpress\/plugins\/seo\/ -->\n<title>Smart Traveller - Lifestylehotels\u2122<\/title>\n<meta name=\"robots\" content=\"noindex, follow, max-snippet:-1, max-image-preview:large, max-video-preview:-1\" \/>\n<meta property=\"og:locale\" content=\"de_DE\" \/>\n<meta property=\"og:type\" content=\"article\" \/>\n<meta property=\"og:title\" content=\"Smart Traveller - Lifestylehotels\u2122\" \/>\n<meta property=\"og:description\" content=\"Werden Sie ein Smart Traveller, indem Sie unserer exklusiven Community beitreten. Bis zu 70% Erm\u00e4ssigung &#8211; First Come, First Served &#8211; Fixer Preis &#8211; Keine ExtrakostenAls Smart Traveller geh\u00f6ren Sie zu den Ersten, die erfahren, wenn Lifestylehotels\u2122 neue Smart Deals f\u00fcr seine Member Hotels vorstellt. Stillen Sie die Sehnsucht nach unbekannten Orten, nach besonderen Erlebnissen [&hellip;]\" \/>\n<meta property=\"og:url\" content=\"https:\/\/lifestylehotels.masterbrain.com\/smart-traveller\/\" \/>\n<meta property=\"og:site_name\" content=\"Lifestylehotels\u2122\" \/>\n<meta property=\"article:modified_time\" content=\"2023-01-26T13:34:06+00:00\" \/>\n<meta property=\"og:image\" content=\"https:\/\/lifestylehotels.masterbrain.com\/wp-content\/uploads\/2022\/03\/Smart-Traveller_Block.jpg\" \/>\n\t<meta property=\"og:image:width\" content=\"412\" \/>\n\t<meta property=\"og:image:height\" content=\"418\" \/>\n\t<meta property=\"og:image:type\" content=\"image\/jpeg\" \/>\n<meta name=\"twitter:card\" content=\"summary_large_image\" \/>\n<meta name=\"twitter:label1\" content=\"Gesch\u00e4tzte Lesezeit\" \/>\n\t<meta name=\"twitter:data1\" content=\"1\u00a0Minute\" \/>\n<script type=\"application\/ld+json\" class=\"yoast-schema-graph\">{\"@context\":\"https:\/\/schema.org\",\"@graph\":[{\"@type\":\"WebPage\",\"@id\":\"https:\/\/lifestylehotels.masterbrain.com\/smart-traveller\/\",\"url\":\"https:\/\/lifestylehotels.masterbrain.com\/smart-traveller\/\",\"name\":\"Smart Traveller - Lifestylehotels\u2122\",\"isPartOf\":{\"@id\":\"https:\/\/lifestylehotels.masterbrain.com\/de\/#website\"},\"datePublished\":\"2021-09-13T21:08:17+00:00\",\"dateModified\":\"2023-01-26T13:34:06+00:00\",\"breadcrumb\":{\"@id\":\"https:\/\/lifestylehotels.masterbrain.com\/smart-traveller\/#breadcrumb\"},\"inLanguage\":\"de\",\"potentialAction\":[{\"@type\":\"ReadAction\",\"target\":[\"https:\/\/lifestylehotels.masterbrain.com\/smart-traveller\/\"]}]},{\"@type\":\"BreadcrumbList\",\"@id\":\"https:\/\/lifestylehotels.masterbrain.com\/smart-traveller\/#breadcrumb\",\"itemListElement\":[{\"@type\":\"ListItem\",\"position\":1,\"name\":\"Startseite\",\"item\":\"https:\/\/lifestylehotels.masterbrain.com\/de\/\"},{\"@type\":\"ListItem\",\"position\":2,\"name\":\"Smart Traveller\"}]},{\"@type\":\"WebSite\",\"@id\":\"https:\/\/lifestylehotels.masterbrain.com\/de\/#website\",\"url\":\"https:\/\/lifestylehotels.masterbrain.com\/de\/\",\"name\":\"Lifestylehotels\u2122\",\"description\":\"\",\"potentialAction\":[{\"@type\":\"SearchAction\",\"target\":{\"@type\":\"EntryPoint\",\"urlTemplate\":\"https:\/\/lifestylehotels.masterbrain.com\/de\/?s={search_term_string}\"},\"query-input\":\"required name=search_term_string\"}],\"inLanguage\":\"de\"}]}<\/script>\n<!-- \/ Yoast SEO plugin. -->","yoast_head_json":{"title":"Smart Traveller - Lifestylehotels\u2122","robots":{"index":"noindex","follow":"follow","max-snippet":"max-snippet:-1","max-image-preview":"max-image-preview:large","max-video-preview":"max-video-preview:-1"},"og_locale":"de_DE","og_type":"article","og_title":"Smart Traveller - Lifestylehotels\u2122","og_description":"Werden Sie ein Smart Traveller, indem Sie unserer exklusiven Community beitreten. Bis zu 70% Erm\u00e4ssigung &#8211; First Come, First Served &#8211; Fixer Preis &#8211; Keine ExtrakostenAls Smart Traveller geh\u00f6ren Sie zu den Ersten, die erfahren, wenn Lifestylehotels\u2122 neue Smart Deals f\u00fcr seine Member Hotels vorstellt. Stillen Sie die Sehnsucht nach unbekannten Orten, nach besonderen Erlebnissen [&hellip;]","og_url":"https:\/\/lifestylehotels.masterbrain.com\/smart-traveller\/","og_site_name":"Lifestylehotels\u2122","article_modified_time":"2023-01-26T13:34:06+00:00","og_image":[{"width":412,"height":418,"url":"https:\/\/lifestylehotels.masterbrain.com\/wp-content\/uploads\/2022\/03\/Smart-Traveller_Block.jpg","type":"image\/jpeg"}],"twitter_card":"summary_large_image","twitter_misc":{"Gesch\u00e4tzte Lesezeit":"1\u00a0Minute"},"schema":{"@context":"https:\/\/schema.org","@graph":[{"@type":"WebPage","@id":"https:\/\/lifestylehotels.masterbrain.com\/smart-traveller\/","url":"https:\/\/lifestylehotels.masterbrain.com\/smart-traveller\/","name":"Smart Traveller - Lifestylehotels\u2122","isPartOf":{"@id":"https:\/\/lifestylehotels.masterbrain.com\/de\/#website"},"datePublished":"2021-09-13T21:08:17+00:00","dateModified":"2023-01-26T13:34:06+00:00","breadcrumb":{"@id":"https:\/\/lifestylehotels.masterbrain.com\/smart-traveller\/#breadcrumb"},"inLanguage":"de","potentialAction":[{"@type":"ReadAction","target":["https:\/\/lifestylehotels.masterbrain.com\/smart-traveller\/"]}]},{"@type":"BreadcrumbList","@id":"https:\/\/lifestylehotels.masterbrain.com\/smart-traveller\/#breadcrumb","itemListElement":[{"@type":"ListItem","position":1,"name":"Startseite","item":"https:\/\/lifestylehotels.masterbrain.com\/de\/"},{"@type":"ListItem","position":2,"name":"Smart Traveller"}]},{"@type":"WebSite","@id":"https:\/\/lifestylehotels.masterbrain.com\/de\/#website","url":"https:\/\/lifestylehotels.masterbrain.com\/de\/","name":"Lifestylehotels\u2122","description":"","potentialAction":[{"@type":"SearchAction","target":{"@type":"EntryPoint","urlTemplate":"https:\/\/lifestylehotels.masterbrain.com\/de\/?s={search_term_string}"},"query-input":"required name=search_term_string"}],"inLanguage":"de"}]}},"_links":{"self":[{"href":"https:\/\/lifestylehotels.masterbrain.com\/de\/wp-json\/wp\/v2\/pages\/52065"}],"collection":[{"href":"https:\/\/lifestylehotels.masterbrain.com\/de\/wp-json\/wp\/v2\/pages"}],"about":[{"href":"https:\/\/lifestylehotels.masterbrain.com\/de\/wp-json\/wp\/v2\/types\/page"}],"author":[{"embeddable":true,"href":"https:\/\/lifestylehotels.masterbrain.com\/de\/wp-json\/wp\/v2\/users\/1"}],"replies":[{"embeddable":true,"href":"https:\/\/lifestylehotels.masterbrain.com\/de\/wp-json\/wp\/v2\/comments?post=52065"}],"version-history":[{"count":13,"href":"https:\/\/lifestylehotels.masterbrain.com\/de\/wp-json\/wp\/v2\/pages\/52065\/revisions"}],"predecessor-version":[{"id":402946,"href":"https:\/\/lifestylehotels.masterbrain.com\/de\/wp-json\/wp\/v2\/pages\/52065\/revisions\/402946"}],"wp:featuredmedia":[{"embeddable":true,"href":"https:\/\/lifestylehotels.masterbrain.com\/de\/wp-json\/wp\/v2\/media\/88622"}],"wp:attachment":[{"href":"https:\/\/lifestylehotels.masterbrain.com\/de\/wp-json\/wp\/v2\/media?parent=52065"}],"curies":[{"name":"wp","href":"https:\/\/api.w.org\/{rel}","templated":true}]}}