{"id":53,"date":"2019-09-28T01:57:06","date_gmt":"2019-09-27T23:57:06","guid":{"rendered":"https:\/\/www.lifestylehotels.net\/?page_id=53"},"modified":"2023-03-02T11:37:49","modified_gmt":"2023-03-02T10:37:49","slug":"impressum","status":"publish","type":"page","link":"https:\/\/lifestylehotels.masterbrain.com\/de\/impressum\/","title":{"rendered":"Impressum"},"content":{"rendered":"\n<p>www.lifestylehotels.net ist ein Webportal der Firma PRIME TIME Touristik &amp; Marketing GmbH.<\/p>\n\n\n\n<p>\n\tPRIME TIME Touristik &amp; Marketing GmbH<\/p>\n\n\n\n<p>\n\tSchmiedgasse 38, 8010 Graz, Austria<\/p>\n\n\n\n<p>\n\tT: +43-(0)316-83 88 88<\/p>\n\n\n\n<p>\n\tF: +43-(0)316-83 88 88 &#8211; 22<\/p>\n\n\n\n<p>\n\t<a href=\"mailto:office@lifestylehotels.net\">office@lifestylehotels.net<\/a><\/p>\n\n\n\n<p>Weitere Informationen zum Unternehmen: <a href=\"http:\/\/www.wkoecg.at\/Web\/Ecg.aspx?FirmaID=c1db9c01-daef-4116-b859-51c7ba063b7b\">WKO.at: Informationspflicht lt. ECG und Mediengesetz<\/a>, Veranstalternummer: 2002\/0017<\/p>\n\n\n\n<p>Haftungshinweis: Trotz sorgf\u00e4ltiger inhaltlicher Kontrolle \u00fcbernehmen wir keine Haftung f\u00fcr die Inhalte externer Links. F\u00fcr den Inhalt der verlinkten Seiten sind ausschlie\u00dflich deren Betreiber verantwortlich.<\/p>\n\n\n\n<p><a href=\"https:\/\/www.lifestylehotels.net\/wp-content\/uploads\/2021\/08\/PRIMETIME_Datenschutzerklaerung_2021_DE.pdf\" target=\"_blank\" rel=\"noreferrer noopener\"> Datenschutzerkl\u00e4rung des Unternehmens: <strong>Download<\/strong><\/a><\/p>\n","protected":false},"excerpt":{"rendered":"<p>www.lifestylehotels.net ist ein Webportal der Firma PRIME TIME Touristik &amp; Marketing GmbH. PRIME TIME Touristik &amp; Marketing GmbH Schmiedgasse 38, 8010 Graz, Austria T: +43-(0)316-83 88 88 F: +43-(0)316-83 88 88 &#8211; 22 office@lifestylehotels.net Weitere Informationen zum Unternehmen: WKO.at: Informationspflicht lt. ECG und Mediengesetz, Veranstalternummer: 2002\/0017 Haftungshinweis: Trotz sorgf\u00e4ltiger inhaltlicher Kontrolle \u00fcbernehmen wir keine Haftung [&hellip;]<\/p>\n","protected":false},"author":1,"featured_media":0,"parent":0,"menu_order":72,"comment_status":"closed","ping_status":"closed","template":"","meta":{"inline_featured_image":false,"footnotes":""},"acf":[],"yoast_head":"<!-- This site is optimized with the Yoast SEO plugin v21.9 - https:\/\/yoast.com\/wordpress\/plugins\/seo\/ -->\n<title>Impressum LIFESTYLEHOTELS<\/title>\n<meta name=\"description\" content=\"LIFESTYLEHOTELS: www.lifestylehotels.net ist ein Webportal der Firma PRIME TIME Touristik &amp; Marketing GmbH in Graz, \u00d6sterreich\" \/>\n<meta name=\"robots\" content=\"noindex, follow, max-snippet:-1, max-image-preview:large, max-video-preview:-1\" \/>\n<meta property=\"og:locale\" content=\"de_DE\" \/>\n<meta property=\"og:type\" content=\"article\" \/>\n<meta property=\"og:title\" content=\"Impressum LIFESTYLEHOTELS\" \/>\n<meta property=\"og:description\" content=\"LIFESTYLEHOTELS: www.lifestylehotels.net ist ein Webportal der Firma PRIME TIME Touristik &amp; Marketing GmbH in Graz, \u00d6sterreich\" \/>\n<meta property=\"og:url\" content=\"https:\/\/lifestylehotels.masterbrain.com\/impressum\/\" \/>\n<meta property=\"og:site_name\" content=\"Lifestylehotels\u2122\" \/>\n<meta property=\"article:modified_time\" content=\"2023-03-02T10:37:49+00:00\" \/>\n<meta name=\"twitter:card\" content=\"summary_large_image\" \/>\n<meta name=\"twitter:label1\" content=\"Gesch\u00e4tzte Lesezeit\" \/>\n\t<meta name=\"twitter:data1\" content=\"1\u00a0Minute\" \/>\n<script type=\"application\/ld+json\" class=\"yoast-schema-graph\">{\"@context\":\"https:\/\/schema.org\",\"@graph\":[{\"@type\":\"WebPage\",\"@id\":\"https:\/\/lifestylehotels.masterbrain.com\/impressum\/\",\"url\":\"https:\/\/lifestylehotels.masterbrain.com\/impressum\/\",\"name\":\"Impressum LIFESTYLEHOTELS\",\"isPartOf\":{\"@id\":\"https:\/\/lifestylehotels.masterbrain.com\/de\/#website\"},\"datePublished\":\"2019-09-27T23:57:06+00:00\",\"dateModified\":\"2023-03-02T10:37:49+00:00\",\"description\":\"LIFESTYLEHOTELS: www.lifestylehotels.net ist ein Webportal der Firma PRIME TIME Touristik & Marketing GmbH in Graz, \u00d6sterreich\",\"breadcrumb\":{\"@id\":\"https:\/\/lifestylehotels.masterbrain.com\/impressum\/#breadcrumb\"},\"inLanguage\":\"de\",\"potentialAction\":[{\"@type\":\"ReadAction\",\"target\":[\"https:\/\/lifestylehotels.masterbrain.com\/impressum\/\"]}]},{\"@type\":\"BreadcrumbList\",\"@id\":\"https:\/\/lifestylehotels.masterbrain.com\/impressum\/#breadcrumb\",\"itemListElement\":[{\"@type\":\"ListItem\",\"position\":1,\"name\":\"Startseite\",\"item\":\"https:\/\/lifestylehotels.masterbrain.com\/de\/\"},{\"@type\":\"ListItem\",\"position\":2,\"name\":\"Impressum\"}]},{\"@type\":\"WebSite\",\"@id\":\"https:\/\/lifestylehotels.masterbrain.com\/de\/#website\",\"url\":\"https:\/\/lifestylehotels.masterbrain.com\/de\/\",\"name\":\"Lifestylehotels\u2122\",\"description\":\"\",\"potentialAction\":[{\"@type\":\"SearchAction\",\"target\":{\"@type\":\"EntryPoint\",\"urlTemplate\":\"https:\/\/lifestylehotels.masterbrain.com\/de\/?s={search_term_string}\"},\"query-input\":\"required name=search_term_string\"}],\"inLanguage\":\"de\"}]}<\/script>\n<!-- \/ Yoast SEO plugin. -->","yoast_head_json":{"title":"Impressum LIFESTYLEHOTELS","description":"LIFESTYLEHOTELS: www.lifestylehotels.net ist ein Webportal der Firma PRIME TIME Touristik & Marketing GmbH in Graz, \u00d6sterreich","robots":{"index":"noindex","follow":"follow","max-snippet":"max-snippet:-1","max-image-preview":"max-image-preview:large","max-video-preview":"max-video-preview:-1"},"og_locale":"de_DE","og_type":"article","og_title":"Impressum LIFESTYLEHOTELS","og_description":"LIFESTYLEHOTELS: www.lifestylehotels.net ist ein Webportal der Firma PRIME TIME Touristik & Marketing GmbH in Graz, \u00d6sterreich","og_url":"https:\/\/lifestylehotels.masterbrain.com\/impressum\/","og_site_name":"Lifestylehotels\u2122","article_modified_time":"2023-03-02T10:37:49+00:00","twitter_card":"summary_large_image","twitter_misc":{"Gesch\u00e4tzte Lesezeit":"1\u00a0Minute"},"schema":{"@context":"https:\/\/schema.org","@graph":[{"@type":"WebPage","@id":"https:\/\/lifestylehotels.masterbrain.com\/impressum\/","url":"https:\/\/lifestylehotels.masterbrain.com\/impressum\/","name":"Impressum LIFESTYLEHOTELS","isPartOf":{"@id":"https:\/\/lifestylehotels.masterbrain.com\/de\/#website"},"datePublished":"2019-09-27T23:57:06+00:00","dateModified":"2023-03-02T10:37:49+00:00","description":"LIFESTYLEHOTELS: www.lifestylehotels.net ist ein Webportal der Firma PRIME TIME Touristik & Marketing GmbH in Graz, \u00d6sterreich","breadcrumb":{"@id":"https:\/\/lifestylehotels.masterbrain.com\/impressum\/#breadcrumb"},"inLanguage":"de","potentialAction":[{"@type":"ReadAction","target":["https:\/\/lifestylehotels.masterbrain.com\/impressum\/"]}]},{"@type":"BreadcrumbList","@id":"https:\/\/lifestylehotels.masterbrain.com\/impressum\/#breadcrumb","itemListElement":[{"@type":"ListItem","position":1,"name":"Startseite","item":"https:\/\/lifestylehotels.masterbrain.com\/de\/"},{"@type":"ListItem","position":2,"name":"Impressum"}]},{"@type":"WebSite","@id":"https:\/\/lifestylehotels.masterbrain.com\/de\/#website","url":"https:\/\/lifestylehotels.masterbrain.com\/de\/","name":"Lifestylehotels\u2122","description":"","potentialAction":[{"@type":"SearchAction","target":{"@type":"EntryPoint","urlTemplate":"https:\/\/lifestylehotels.masterbrain.com\/de\/?s={search_term_string}"},"query-input":"required name=search_term_string"}],"inLanguage":"de"}]}},"_links":{"self":[{"href":"https:\/\/lifestylehotels.masterbrain.com\/de\/wp-json\/wp\/v2\/pages\/53"}],"collection":[{"href":"https:\/\/lifestylehotels.masterbrain.com\/de\/wp-json\/wp\/v2\/pages"}],"about":[{"href":"https:\/\/lifestylehotels.masterbrain.com\/de\/wp-json\/wp\/v2\/types\/page"}],"author":[{"embeddable":true,"href":"https:\/\/lifestylehotels.masterbrain.com\/de\/wp-json\/wp\/v2\/users\/1"}],"replies":[{"embeddable":true,"href":"https:\/\/lifestylehotels.masterbrain.com\/de\/wp-json\/wp\/v2\/comments?post=53"}],"version-history":[{"count":7,"href":"https:\/\/lifestylehotels.masterbrain.com\/de\/wp-json\/wp\/v2\/pages\/53\/revisions"}],"predecessor-version":[{"id":403650,"href":"https:\/\/lifestylehotels.masterbrain.com\/de\/wp-json\/wp\/v2\/pages\/53\/revisions\/403650"}],"wp:attachment":[{"href":"https:\/\/lifestylehotels.masterbrain.com\/de\/wp-json\/wp\/v2\/media?parent=53"}],"curies":[{"name":"wp","href":"https:\/\/api.w.org\/{rel}","templated":true}]}}