{"id":55527,"date":"2022-02-03T00:19:06","date_gmt":"2022-02-02T23:19:06","guid":{"rendered":"https:\/\/www.lifestylehotels.net\/?page_id=55527"},"modified":"2022-03-11T13:22:32","modified_gmt":"2022-03-11T12:22:32","slug":"become-a-member","status":"publish","type":"page","link":"https:\/\/lifestylehotels.masterbrain.com\/de\/become-a-member\/","title":{"rendered":"Become a Member Hotel"},"content":{"rendered":"\n<h2 class=\"wp-block-heading\">Stylish retreats for inspiring timeouts<\/h2>\n\n\n\n<p>Wir m\u00f6chten Ihre Geschichte kennen, Ihre Vision und Idee, um sie weitertragen zu k\u00f6nnen an unsere internationale Community. Es ist uns wichtig zu verstehen, was Sie antreibt und bewegt. Unser ehrliches Interesse an Ihnen und Ihrem Hotel ist die Basis einer erfolgreichen Partnerschaft.<\/p>\n\n\n\n<p>Als Member of Lifestylehotels\u2122 befinden Sie sich in bester Gesellschaft. Unsere Auswahl an Hotels ist kuratiert und nicht jeder hat Zugang. Wir sch\u00e4tzen mutige Innovationen, \u00e4sthetische Konzepte und wegweisendes Design. Wir denken und agieren international. Verantwortungsbewusstsein gegen\u00fcber anderen und der Umwelt, sowie eine enge Verbundenheit mit der lokalen Szene sind essentielle Werte. Wir lieben es mit Vordenkern zu arbeiten, mit Hoteliers, die bereit sind neue Wege zu gehen.<\/p>\n\n\n\n<p>Wenn Sie sich in diesen Aussagen wiederfinden, dann sind Sie bei uns richtig und wir freuen uns darauf, Sie kennenzulernen.<\/p>\n\n\n\n<p><\/p>\n","protected":false},"excerpt":{"rendered":"<p>Stylish retreats for inspiring timeouts Wir m\u00f6chten Ihre Geschichte kennen, Ihre Vision und Idee, um sie weitertragen zu k\u00f6nnen an unsere internationale Community. Es ist uns wichtig zu verstehen, was Sie antreibt und bewegt. Unser ehrliches Interesse an Ihnen und Ihrem Hotel ist die Basis einer erfolgreichen Partnerschaft. Als Member of Lifestylehotels\u2122 befinden Sie sich [&hellip;]<\/p>\n","protected":false},"author":1,"featured_media":0,"parent":0,"menu_order":30,"comment_status":"closed","ping_status":"closed","template":"","meta":{"inline_featured_image":false,"footnotes":""},"acf":[],"yoast_head":"<!-- This site is optimized with the Yoast SEO plugin v21.9 - https:\/\/yoast.com\/wordpress\/plugins\/seo\/ -->\n<title>Become a Member Hotel - Lifestylehotels\u2122<\/title>\n<meta name=\"robots\" content=\"noindex, follow, max-snippet:-1, max-image-preview:large, max-video-preview:-1\" \/>\n<meta property=\"og:locale\" content=\"de_DE\" \/>\n<meta property=\"og:type\" content=\"article\" \/>\n<meta property=\"og:title\" content=\"Become a Member Hotel - Lifestylehotels\u2122\" \/>\n<meta property=\"og:description\" content=\"Stylish retreats for inspiring timeouts Wir m\u00f6chten Ihre Geschichte kennen, Ihre Vision und Idee, um sie weitertragen zu k\u00f6nnen an unsere internationale Community. Es ist uns wichtig zu verstehen, was Sie antreibt und bewegt. Unser ehrliches Interesse an Ihnen und Ihrem Hotel ist die Basis einer erfolgreichen Partnerschaft. Als Member of Lifestylehotels\u2122 befinden Sie sich [&hellip;]\" \/>\n<meta property=\"og:url\" content=\"https:\/\/lifestylehotels.masterbrain.com\/become-a-member\/\" \/>\n<meta property=\"og:site_name\" content=\"Lifestylehotels\u2122\" \/>\n<meta property=\"article:modified_time\" content=\"2022-03-11T12:22:32+00:00\" \/>\n<meta name=\"twitter:card\" content=\"summary_large_image\" \/>\n<meta name=\"twitter:label1\" content=\"Gesch\u00e4tzte Lesezeit\" \/>\n\t<meta name=\"twitter:data1\" content=\"1\u00a0Minute\" \/>\n<script type=\"application\/ld+json\" class=\"yoast-schema-graph\">{\"@context\":\"https:\/\/schema.org\",\"@graph\":[{\"@type\":\"WebPage\",\"@id\":\"https:\/\/lifestylehotels.masterbrain.com\/become-a-member\/\",\"url\":\"https:\/\/lifestylehotels.masterbrain.com\/become-a-member\/\",\"name\":\"Become a Member Hotel - Lifestylehotels\u2122\",\"isPartOf\":{\"@id\":\"https:\/\/lifestylehotels.masterbrain.com\/de\/#website\"},\"datePublished\":\"2022-02-02T23:19:06+00:00\",\"dateModified\":\"2022-03-11T12:22:32+00:00\",\"breadcrumb\":{\"@id\":\"https:\/\/lifestylehotels.masterbrain.com\/become-a-member\/#breadcrumb\"},\"inLanguage\":\"de\",\"potentialAction\":[{\"@type\":\"ReadAction\",\"target\":[\"https:\/\/lifestylehotels.masterbrain.com\/become-a-member\/\"]}]},{\"@type\":\"BreadcrumbList\",\"@id\":\"https:\/\/lifestylehotels.masterbrain.com\/become-a-member\/#breadcrumb\",\"itemListElement\":[{\"@type\":\"ListItem\",\"position\":1,\"name\":\"Startseite\",\"item\":\"https:\/\/lifestylehotels.masterbrain.com\/de\/\"},{\"@type\":\"ListItem\",\"position\":2,\"name\":\"Become a Member Hotel\"}]},{\"@type\":\"WebSite\",\"@id\":\"https:\/\/lifestylehotels.masterbrain.com\/de\/#website\",\"url\":\"https:\/\/lifestylehotels.masterbrain.com\/de\/\",\"name\":\"Lifestylehotels\u2122\",\"description\":\"\",\"potentialAction\":[{\"@type\":\"SearchAction\",\"target\":{\"@type\":\"EntryPoint\",\"urlTemplate\":\"https:\/\/lifestylehotels.masterbrain.com\/de\/?s={search_term_string}\"},\"query-input\":\"required name=search_term_string\"}],\"inLanguage\":\"de\"}]}<\/script>\n<!-- \/ Yoast SEO plugin. -->","yoast_head_json":{"title":"Become a Member Hotel - Lifestylehotels\u2122","robots":{"index":"noindex","follow":"follow","max-snippet":"max-snippet:-1","max-image-preview":"max-image-preview:large","max-video-preview":"max-video-preview:-1"},"og_locale":"de_DE","og_type":"article","og_title":"Become a Member Hotel - Lifestylehotels\u2122","og_description":"Stylish retreats for inspiring timeouts Wir m\u00f6chten Ihre Geschichte kennen, Ihre Vision und Idee, um sie weitertragen zu k\u00f6nnen an unsere internationale Community. Es ist uns wichtig zu verstehen, was Sie antreibt und bewegt. Unser ehrliches Interesse an Ihnen und Ihrem Hotel ist die Basis einer erfolgreichen Partnerschaft. Als Member of Lifestylehotels\u2122 befinden Sie sich [&hellip;]","og_url":"https:\/\/lifestylehotels.masterbrain.com\/become-a-member\/","og_site_name":"Lifestylehotels\u2122","article_modified_time":"2022-03-11T12:22:32+00:00","twitter_card":"summary_large_image","twitter_misc":{"Gesch\u00e4tzte Lesezeit":"1\u00a0Minute"},"schema":{"@context":"https:\/\/schema.org","@graph":[{"@type":"WebPage","@id":"https:\/\/lifestylehotels.masterbrain.com\/become-a-member\/","url":"https:\/\/lifestylehotels.masterbrain.com\/become-a-member\/","name":"Become a Member Hotel - Lifestylehotels\u2122","isPartOf":{"@id":"https:\/\/lifestylehotels.masterbrain.com\/de\/#website"},"datePublished":"2022-02-02T23:19:06+00:00","dateModified":"2022-03-11T12:22:32+00:00","breadcrumb":{"@id":"https:\/\/lifestylehotels.masterbrain.com\/become-a-member\/#breadcrumb"},"inLanguage":"de","potentialAction":[{"@type":"ReadAction","target":["https:\/\/lifestylehotels.masterbrain.com\/become-a-member\/"]}]},{"@type":"BreadcrumbList","@id":"https:\/\/lifestylehotels.masterbrain.com\/become-a-member\/#breadcrumb","itemListElement":[{"@type":"ListItem","position":1,"name":"Startseite","item":"https:\/\/lifestylehotels.masterbrain.com\/de\/"},{"@type":"ListItem","position":2,"name":"Become a Member Hotel"}]},{"@type":"WebSite","@id":"https:\/\/lifestylehotels.masterbrain.com\/de\/#website","url":"https:\/\/lifestylehotels.masterbrain.com\/de\/","name":"Lifestylehotels\u2122","description":"","potentialAction":[{"@type":"SearchAction","target":{"@type":"EntryPoint","urlTemplate":"https:\/\/lifestylehotels.masterbrain.com\/de\/?s={search_term_string}"},"query-input":"required name=search_term_string"}],"inLanguage":"de"}]}},"_links":{"self":[{"href":"https:\/\/lifestylehotels.masterbrain.com\/de\/wp-json\/wp\/v2\/pages\/55527"}],"collection":[{"href":"https:\/\/lifestylehotels.masterbrain.com\/de\/wp-json\/wp\/v2\/pages"}],"about":[{"href":"https:\/\/lifestylehotels.masterbrain.com\/de\/wp-json\/wp\/v2\/types\/page"}],"author":[{"embeddable":true,"href":"https:\/\/lifestylehotels.masterbrain.com\/de\/wp-json\/wp\/v2\/users\/1"}],"replies":[{"embeddable":true,"href":"https:\/\/lifestylehotels.masterbrain.com\/de\/wp-json\/wp\/v2\/comments?post=55527"}],"version-history":[{"count":19,"href":"https:\/\/lifestylehotels.masterbrain.com\/de\/wp-json\/wp\/v2\/pages\/55527\/revisions"}],"predecessor-version":[{"id":88333,"href":"https:\/\/lifestylehotels.masterbrain.com\/de\/wp-json\/wp\/v2\/pages\/55527\/revisions\/88333"}],"wp:attachment":[{"href":"https:\/\/lifestylehotels.masterbrain.com\/de\/wp-json\/wp\/v2\/media?parent=55527"}],"curies":[{"name":"wp","href":"https:\/\/api.w.org\/{rel}","templated":true}]}}