{"id":55565,"date":"2022-02-08T22:56:22","date_gmt":"2022-02-08T21:56:22","guid":{"rendered":"https:\/\/www.lifestylehotels.net\/?page_id=55565"},"modified":"2022-02-18T17:30:45","modified_gmt":"2022-02-18T16:30:45","slug":"kroatien","status":"publish","type":"page","link":"https:\/\/lifestylehotels.masterbrain.com\/de\/kroatien\/","title":{"rendered":"Kroatien"},"content":{"rendered":"\n<h1 class=\"wp-block-heading\">Kroatien<\/h1>\n\n\n\n<p>Kroatien \u2013 das Land mit der schier endlosen K\u00fcstenlinie oder auch das Land der 1.000 Inseln. Von Istrien \u00fcber die Kvarner Bucht bis nach Dalmatien laden endlose Sand-, Kiesel- und Felsenstr\u00e4nde zu erholsamen Urlauben mit Blick auf die glasklare Adria ein. Doch auch kulturell gesehen hat das Land viel zu bieten: Antike Wurzeln mit monumentalen Bauwerken aus der r\u00f6mischen Antike findet man in der Hafenstadt Split in Dalmatien. Venezianische Architektur und malerische Kunst ist in den kleinen St\u00e4dten Istriens, wie Rovinj, allgegenwertig.<\/p>\n","protected":false},"excerpt":{"rendered":"<p>Kroatien Kroatien \u2013 das Land mit der schier endlosen K\u00fcstenlinie oder auch das Land der 1.000 Inseln. Von Istrien \u00fcber die Kvarner Bucht bis nach Dalmatien laden endlose Sand-, Kiesel- und Felsenstr\u00e4nde zu erholsamen Urlauben mit Blick auf die glasklare Adria ein. Doch auch kulturell gesehen hat das Land viel zu bieten: Antike Wurzeln mit [&hellip;]<\/p>\n","protected":false},"author":1,"featured_media":56188,"parent":0,"menu_order":29,"comment_status":"closed","ping_status":"closed","template":"templatedestination.php","meta":{"inline_featured_image":false,"footnotes":""},"acf":[],"yoast_head":"<!-- This site is optimized with the Yoast SEO plugin v21.9 - https:\/\/yoast.com\/wordpress\/plugins\/seo\/ -->\n<title>Kroatien - Lifestylehotels\u2122<\/title>\n<meta name=\"description\" content=\"In Kroatien, dem Land mit der schier endlosen K\u00fcstenlinie laden Sand-, Kiesel- und Felsenstr\u00e4nde zu erholsamen Urlauben ein.\" \/>\n<meta name=\"robots\" content=\"noindex, follow, max-snippet:-1, max-image-preview:large, max-video-preview:-1\" \/>\n<meta property=\"og:locale\" content=\"de_DE\" \/>\n<meta property=\"og:type\" content=\"article\" \/>\n<meta property=\"og:title\" content=\"Kroatien - Lifestylehotels\u2122\" \/>\n<meta property=\"og:description\" content=\"In Kroatien, dem Land mit der schier endlosen K\u00fcstenlinie laden Sand-, Kiesel- und Felsenstr\u00e4nde zu erholsamen Urlauben ein.\" \/>\n<meta property=\"og:url\" content=\"https:\/\/lifestylehotels.masterbrain.com\/kroatien\/\" \/>\n<meta property=\"og:site_name\" content=\"Lifestylehotels\u2122\" \/>\n<meta property=\"article:modified_time\" content=\"2022-02-18T16:30:45+00:00\" \/>\n<meta property=\"og:image\" content=\"https:\/\/lifestylehotels.masterbrain.com\/wp-content\/uploads\/2022\/02\/Kroatien_Destination_02.jpg\" \/>\n\t<meta property=\"og:image:width\" content=\"1040\" \/>\n\t<meta property=\"og:image:height\" content=\"1388\" \/>\n\t<meta property=\"og:image:type\" content=\"image\/jpeg\" \/>\n<meta name=\"twitter:card\" content=\"summary_large_image\" \/>\n<meta name=\"twitter:label1\" content=\"Gesch\u00e4tzte Lesezeit\" \/>\n\t<meta name=\"twitter:data1\" content=\"1\u00a0Minute\" \/>\n<script type=\"application\/ld+json\" class=\"yoast-schema-graph\">{\"@context\":\"https:\/\/schema.org\",\"@graph\":[{\"@type\":\"WebPage\",\"@id\":\"https:\/\/lifestylehotels.masterbrain.com\/kroatien\/\",\"url\":\"https:\/\/lifestylehotels.masterbrain.com\/kroatien\/\",\"name\":\"Kroatien - Lifestylehotels\u2122\",\"isPartOf\":{\"@id\":\"https:\/\/lifestylehotels.masterbrain.com\/de\/#website\"},\"datePublished\":\"2022-02-08T21:56:22+00:00\",\"dateModified\":\"2022-02-18T16:30:45+00:00\",\"description\":\"In Kroatien, dem Land mit der schier endlosen K\u00fcstenlinie laden Sand-, Kiesel- und Felsenstr\u00e4nde zu erholsamen Urlauben ein.\",\"breadcrumb\":{\"@id\":\"https:\/\/lifestylehotels.masterbrain.com\/kroatien\/#breadcrumb\"},\"inLanguage\":\"de\",\"potentialAction\":[{\"@type\":\"ReadAction\",\"target\":[\"https:\/\/lifestylehotels.masterbrain.com\/kroatien\/\"]}]},{\"@type\":\"BreadcrumbList\",\"@id\":\"https:\/\/lifestylehotels.masterbrain.com\/kroatien\/#breadcrumb\",\"itemListElement\":[{\"@type\":\"ListItem\",\"position\":1,\"name\":\"Startseite\",\"item\":\"https:\/\/lifestylehotels.masterbrain.com\/de\/\"},{\"@type\":\"ListItem\",\"position\":2,\"name\":\"Kroatien\"}]},{\"@type\":\"WebSite\",\"@id\":\"https:\/\/lifestylehotels.masterbrain.com\/de\/#website\",\"url\":\"https:\/\/lifestylehotels.masterbrain.com\/de\/\",\"name\":\"Lifestylehotels\u2122\",\"description\":\"\",\"potentialAction\":[{\"@type\":\"SearchAction\",\"target\":{\"@type\":\"EntryPoint\",\"urlTemplate\":\"https:\/\/lifestylehotels.masterbrain.com\/de\/?s={search_term_string}\"},\"query-input\":\"required name=search_term_string\"}],\"inLanguage\":\"de\"}]}<\/script>\n<!-- \/ Yoast SEO plugin. -->","yoast_head_json":{"title":"Kroatien - Lifestylehotels\u2122","description":"In Kroatien, dem Land mit der schier endlosen K\u00fcstenlinie laden Sand-, Kiesel- und Felsenstr\u00e4nde zu erholsamen Urlauben ein.","robots":{"index":"noindex","follow":"follow","max-snippet":"max-snippet:-1","max-image-preview":"max-image-preview:large","max-video-preview":"max-video-preview:-1"},"og_locale":"de_DE","og_type":"article","og_title":"Kroatien - Lifestylehotels\u2122","og_description":"In Kroatien, dem Land mit der schier endlosen K\u00fcstenlinie laden Sand-, Kiesel- und Felsenstr\u00e4nde zu erholsamen Urlauben ein.","og_url":"https:\/\/lifestylehotels.masterbrain.com\/kroatien\/","og_site_name":"Lifestylehotels\u2122","article_modified_time":"2022-02-18T16:30:45+00:00","og_image":[{"width":1040,"height":1388,"url":"https:\/\/lifestylehotels.masterbrain.com\/wp-content\/uploads\/2022\/02\/Kroatien_Destination_02.jpg","type":"image\/jpeg"}],"twitter_card":"summary_large_image","twitter_misc":{"Gesch\u00e4tzte Lesezeit":"1\u00a0Minute"},"schema":{"@context":"https:\/\/schema.org","@graph":[{"@type":"WebPage","@id":"https:\/\/lifestylehotels.masterbrain.com\/kroatien\/","url":"https:\/\/lifestylehotels.masterbrain.com\/kroatien\/","name":"Kroatien - Lifestylehotels\u2122","isPartOf":{"@id":"https:\/\/lifestylehotels.masterbrain.com\/de\/#website"},"datePublished":"2022-02-08T21:56:22+00:00","dateModified":"2022-02-18T16:30:45+00:00","description":"In Kroatien, dem Land mit der schier endlosen K\u00fcstenlinie laden Sand-, Kiesel- und Felsenstr\u00e4nde zu erholsamen Urlauben ein.","breadcrumb":{"@id":"https:\/\/lifestylehotels.masterbrain.com\/kroatien\/#breadcrumb"},"inLanguage":"de","potentialAction":[{"@type":"ReadAction","target":["https:\/\/lifestylehotels.masterbrain.com\/kroatien\/"]}]},{"@type":"BreadcrumbList","@id":"https:\/\/lifestylehotels.masterbrain.com\/kroatien\/#breadcrumb","itemListElement":[{"@type":"ListItem","position":1,"name":"Startseite","item":"https:\/\/lifestylehotels.masterbrain.com\/de\/"},{"@type":"ListItem","position":2,"name":"Kroatien"}]},{"@type":"WebSite","@id":"https:\/\/lifestylehotels.masterbrain.com\/de\/#website","url":"https:\/\/lifestylehotels.masterbrain.com\/de\/","name":"Lifestylehotels\u2122","description":"","potentialAction":[{"@type":"SearchAction","target":{"@type":"EntryPoint","urlTemplate":"https:\/\/lifestylehotels.masterbrain.com\/de\/?s={search_term_string}"},"query-input":"required name=search_term_string"}],"inLanguage":"de"}]}},"_links":{"self":[{"href":"https:\/\/lifestylehotels.masterbrain.com\/de\/wp-json\/wp\/v2\/pages\/55565"}],"collection":[{"href":"https:\/\/lifestylehotels.masterbrain.com\/de\/wp-json\/wp\/v2\/pages"}],"about":[{"href":"https:\/\/lifestylehotels.masterbrain.com\/de\/wp-json\/wp\/v2\/types\/page"}],"author":[{"embeddable":true,"href":"https:\/\/lifestylehotels.masterbrain.com\/de\/wp-json\/wp\/v2\/users\/1"}],"replies":[{"embeddable":true,"href":"https:\/\/lifestylehotels.masterbrain.com\/de\/wp-json\/wp\/v2\/comments?post=55565"}],"version-history":[{"count":8,"href":"https:\/\/lifestylehotels.masterbrain.com\/de\/wp-json\/wp\/v2\/pages\/55565\/revisions"}],"predecessor-version":[{"id":56651,"href":"https:\/\/lifestylehotels.masterbrain.com\/de\/wp-json\/wp\/v2\/pages\/55565\/revisions\/56651"}],"wp:featuredmedia":[{"embeddable":true,"href":"https:\/\/lifestylehotels.masterbrain.com\/de\/wp-json\/wp\/v2\/media\/56188"}],"wp:attachment":[{"href":"https:\/\/lifestylehotels.masterbrain.com\/de\/wp-json\/wp\/v2\/media?parent=55565"}],"curies":[{"name":"wp","href":"https:\/\/api.w.org\/{rel}","templated":true}]}}