{"id":55589,"date":"2022-02-09T22:25:22","date_gmt":"2022-02-09T21:25:22","guid":{"rendered":"https:\/\/www.lifestylehotels.net\/?page_id=55589"},"modified":"2022-02-18T16:21:49","modified_gmt":"2022-02-18T15:21:49","slug":"oesterreich","status":"publish","type":"page","link":"https:\/\/lifestylehotels.masterbrain.com\/de\/oesterreich\/","title":{"rendered":"\u00d6sterreich"},"content":{"rendered":"\n<h1 class=\"wp-block-heading\">\u00d6sterreich<\/h1>\n\n\n\n<p>St\u00e4dte wie Wien und Salzburg sind weltber\u00fchmt f\u00fcr ihre historischen Sch\u00e4tze und kulturellen Highlights. \u00d6sterreich vereint aber auch traumhafte Naturlandschaften \u2013 von den Alpen \u00fcber die Donau bis zur pannonischen Ebene. \u00d6sterreich hat immer Saison. Im Fr\u00fchling und Sommer zieht es Outdoor-Fans zum Wandern, Radfahren und Schwimmen in die Berge und in die Seengebiete. Die Thermenregionen laden zum Entspannen ein. Die Alpen, mit ausgedehnten Skigebieten und Langlaufloipen sind ein Eldorado f\u00fcr Wintersportler.<\/p>\n\n\n\n<p><\/p>\n","protected":false},"excerpt":{"rendered":"<p>\u00d6sterreich St\u00e4dte wie Wien und Salzburg sind weltber\u00fchmt f\u00fcr ihre historischen Sch\u00e4tze und kulturellen Highlights. \u00d6sterreich vereint aber auch traumhafte Naturlandschaften \u2013 von den Alpen \u00fcber die Donau bis zur pannonischen Ebene. \u00d6sterreich hat immer Saison. Im Fr\u00fchling und Sommer zieht es Outdoor-Fans zum Wandern, Radfahren und Schwimmen in die Berge und in die Seengebiete. [&hellip;]<\/p>\n","protected":false},"author":1,"featured_media":56180,"parent":0,"menu_order":25,"comment_status":"closed","ping_status":"closed","template":"templatedestination.php","meta":{"inline_featured_image":false,"footnotes":""},"acf":[],"yoast_head":"<!-- This site is optimized with the Yoast SEO plugin v21.9 - https:\/\/yoast.com\/wordpress\/plugins\/seo\/ -->\n<title>\u00d6sterreich - Lifestylehotels\u2122<\/title>\n<meta name=\"description\" content=\"\u00d6sterreich vereint traumhafte Naturlandschaften \u2013 von den Alpen \u00fcber die Donau bis zur pannonischen Ebene, und hat immer Saison.\" \/>\n<meta name=\"robots\" content=\"noindex, follow, max-snippet:-1, max-image-preview:large, max-video-preview:-1\" \/>\n<meta property=\"og:locale\" content=\"de_DE\" \/>\n<meta property=\"og:type\" content=\"article\" \/>\n<meta property=\"og:title\" content=\"\u00d6sterreich - Lifestylehotels\u2122\" \/>\n<meta property=\"og:description\" content=\"\u00d6sterreich vereint traumhafte Naturlandschaften \u2013 von den Alpen \u00fcber die Donau bis zur pannonischen Ebene, und hat immer Saison.\" \/>\n<meta property=\"og:url\" content=\"https:\/\/lifestylehotels.masterbrain.com\/oesterreich\/\" \/>\n<meta property=\"og:site_name\" content=\"Lifestylehotels\u2122\" \/>\n<meta property=\"article:modified_time\" content=\"2022-02-18T15:21:49+00:00\" \/>\n<meta property=\"og:image\" content=\"https:\/\/lifestylehotels.masterbrain.com\/wp-content\/uploads\/2022\/02\/Osterreich_Destination.jpg\" \/>\n\t<meta property=\"og:image:width\" content=\"1040\" \/>\n\t<meta property=\"og:image:height\" content=\"1388\" \/>\n\t<meta property=\"og:image:type\" content=\"image\/jpeg\" \/>\n<meta name=\"twitter:card\" content=\"summary_large_image\" \/>\n<meta name=\"twitter:label1\" content=\"Gesch\u00e4tzte Lesezeit\" \/>\n\t<meta name=\"twitter:data1\" content=\"1\u00a0Minute\" \/>\n<script type=\"application\/ld+json\" class=\"yoast-schema-graph\">{\"@context\":\"https:\/\/schema.org\",\"@graph\":[{\"@type\":\"WebPage\",\"@id\":\"https:\/\/lifestylehotels.masterbrain.com\/oesterreich\/\",\"url\":\"https:\/\/lifestylehotels.masterbrain.com\/oesterreich\/\",\"name\":\"\u00d6sterreich - Lifestylehotels\u2122\",\"isPartOf\":{\"@id\":\"https:\/\/lifestylehotels.masterbrain.com\/de\/#website\"},\"datePublished\":\"2022-02-09T21:25:22+00:00\",\"dateModified\":\"2022-02-18T15:21:49+00:00\",\"description\":\"\u00d6sterreich vereint traumhafte Naturlandschaften \u2013 von den Alpen \u00fcber die Donau bis zur pannonischen Ebene, und hat immer Saison.\",\"breadcrumb\":{\"@id\":\"https:\/\/lifestylehotels.masterbrain.com\/oesterreich\/#breadcrumb\"},\"inLanguage\":\"de\",\"potentialAction\":[{\"@type\":\"ReadAction\",\"target\":[\"https:\/\/lifestylehotels.masterbrain.com\/oesterreich\/\"]}]},{\"@type\":\"BreadcrumbList\",\"@id\":\"https:\/\/lifestylehotels.masterbrain.com\/oesterreich\/#breadcrumb\",\"itemListElement\":[{\"@type\":\"ListItem\",\"position\":1,\"name\":\"Startseite\",\"item\":\"https:\/\/lifestylehotels.masterbrain.com\/de\/\"},{\"@type\":\"ListItem\",\"position\":2,\"name\":\"\u00d6sterreich\"}]},{\"@type\":\"WebSite\",\"@id\":\"https:\/\/lifestylehotels.masterbrain.com\/de\/#website\",\"url\":\"https:\/\/lifestylehotels.masterbrain.com\/de\/\",\"name\":\"Lifestylehotels\u2122\",\"description\":\"\",\"potentialAction\":[{\"@type\":\"SearchAction\",\"target\":{\"@type\":\"EntryPoint\",\"urlTemplate\":\"https:\/\/lifestylehotels.masterbrain.com\/de\/?s={search_term_string}\"},\"query-input\":\"required name=search_term_string\"}],\"inLanguage\":\"de\"}]}<\/script>\n<!-- \/ Yoast SEO plugin. -->","yoast_head_json":{"title":"\u00d6sterreich - Lifestylehotels\u2122","description":"\u00d6sterreich vereint traumhafte Naturlandschaften \u2013 von den Alpen \u00fcber die Donau bis zur pannonischen Ebene, und hat immer Saison.","robots":{"index":"noindex","follow":"follow","max-snippet":"max-snippet:-1","max-image-preview":"max-image-preview:large","max-video-preview":"max-video-preview:-1"},"og_locale":"de_DE","og_type":"article","og_title":"\u00d6sterreich - Lifestylehotels\u2122","og_description":"\u00d6sterreich vereint traumhafte Naturlandschaften \u2013 von den Alpen \u00fcber die Donau bis zur pannonischen Ebene, und hat immer Saison.","og_url":"https:\/\/lifestylehotels.masterbrain.com\/oesterreich\/","og_site_name":"Lifestylehotels\u2122","article_modified_time":"2022-02-18T15:21:49+00:00","og_image":[{"width":1040,"height":1388,"url":"https:\/\/lifestylehotels.masterbrain.com\/wp-content\/uploads\/2022\/02\/Osterreich_Destination.jpg","type":"image\/jpeg"}],"twitter_card":"summary_large_image","twitter_misc":{"Gesch\u00e4tzte Lesezeit":"1\u00a0Minute"},"schema":{"@context":"https:\/\/schema.org","@graph":[{"@type":"WebPage","@id":"https:\/\/lifestylehotels.masterbrain.com\/oesterreich\/","url":"https:\/\/lifestylehotels.masterbrain.com\/oesterreich\/","name":"\u00d6sterreich - Lifestylehotels\u2122","isPartOf":{"@id":"https:\/\/lifestylehotels.masterbrain.com\/de\/#website"},"datePublished":"2022-02-09T21:25:22+00:00","dateModified":"2022-02-18T15:21:49+00:00","description":"\u00d6sterreich vereint traumhafte Naturlandschaften \u2013 von den Alpen \u00fcber die Donau bis zur pannonischen Ebene, und hat immer Saison.","breadcrumb":{"@id":"https:\/\/lifestylehotels.masterbrain.com\/oesterreich\/#breadcrumb"},"inLanguage":"de","potentialAction":[{"@type":"ReadAction","target":["https:\/\/lifestylehotels.masterbrain.com\/oesterreich\/"]}]},{"@type":"BreadcrumbList","@id":"https:\/\/lifestylehotels.masterbrain.com\/oesterreich\/#breadcrumb","itemListElement":[{"@type":"ListItem","position":1,"name":"Startseite","item":"https:\/\/lifestylehotels.masterbrain.com\/de\/"},{"@type":"ListItem","position":2,"name":"\u00d6sterreich"}]},{"@type":"WebSite","@id":"https:\/\/lifestylehotels.masterbrain.com\/de\/#website","url":"https:\/\/lifestylehotels.masterbrain.com\/de\/","name":"Lifestylehotels\u2122","description":"","potentialAction":[{"@type":"SearchAction","target":{"@type":"EntryPoint","urlTemplate":"https:\/\/lifestylehotels.masterbrain.com\/de\/?s={search_term_string}"},"query-input":"required name=search_term_string"}],"inLanguage":"de"}]}},"_links":{"self":[{"href":"https:\/\/lifestylehotels.masterbrain.com\/de\/wp-json\/wp\/v2\/pages\/55589"}],"collection":[{"href":"https:\/\/lifestylehotels.masterbrain.com\/de\/wp-json\/wp\/v2\/pages"}],"about":[{"href":"https:\/\/lifestylehotels.masterbrain.com\/de\/wp-json\/wp\/v2\/types\/page"}],"author":[{"embeddable":true,"href":"https:\/\/lifestylehotels.masterbrain.com\/de\/wp-json\/wp\/v2\/users\/1"}],"replies":[{"embeddable":true,"href":"https:\/\/lifestylehotels.masterbrain.com\/de\/wp-json\/wp\/v2\/comments?post=55589"}],"version-history":[{"count":7,"href":"https:\/\/lifestylehotels.masterbrain.com\/de\/wp-json\/wp\/v2\/pages\/55589\/revisions"}],"predecessor-version":[{"id":56629,"href":"https:\/\/lifestylehotels.masterbrain.com\/de\/wp-json\/wp\/v2\/pages\/55589\/revisions\/56629"}],"wp:featuredmedia":[{"embeddable":true,"href":"https:\/\/lifestylehotels.masterbrain.com\/de\/wp-json\/wp\/v2\/media\/56180"}],"wp:attachment":[{"href":"https:\/\/lifestylehotels.masterbrain.com\/de\/wp-json\/wp\/v2\/media?parent=55589"}],"curies":[{"name":"wp","href":"https:\/\/api.w.org\/{rel}","templated":true}]}}