{"id":55903,"date":"2022-02-16T13:15:55","date_gmt":"2022-02-16T12:15:55","guid":{"rendered":"https:\/\/www.lifestylehotels.net\/?page_id=55903"},"modified":"2022-02-18T16:17:07","modified_gmt":"2022-02-18T15:17:07","slug":"destination-griechenland","status":"publish","type":"page","link":"https:\/\/lifestylehotels.masterbrain.com\/de\/destination-griechenland\/","title":{"rendered":"Griechenland"},"content":{"rendered":"\n<h1 class=\"wp-block-heading\">Griechenland<\/h1>\n\n\n\n<p>Griechenland beeindruckt als Urlaubsdestination. Wundersch\u00f6ne Str\u00e4nde, einsame Buchten, abertausende Inseln, Fischerd\u00f6rfer, gesch\u00e4ftige St\u00e4dte und antike Ausgrabungsst\u00e4tten locken Jahr f\u00fcr Jahr unz\u00e4hlige Besucher an. Das Land gilt aufgrund seiner bewegten Geschichte als Wiege der westlichen Zivilisation. Kulinarisch wei\u00df das Land ebenso zu \u00fcberzeugen wie mit seiner herzlichen Gastfreundschaft. Lassen Sie sich Urlaub in einem Boutiquehotel in Griechenland nicht entgehen.<\/p>\n","protected":false},"excerpt":{"rendered":"<p>Griechenland Griechenland beeindruckt als Urlaubsdestination. Wundersch\u00f6ne Str\u00e4nde, einsame Buchten, abertausende Inseln, Fischerd\u00f6rfer, gesch\u00e4ftige St\u00e4dte und antike Ausgrabungsst\u00e4tten locken Jahr f\u00fcr Jahr unz\u00e4hlige Besucher an. Das Land gilt aufgrund seiner bewegten Geschichte als Wiege der westlichen Zivilisation. Kulinarisch wei\u00df das Land ebenso zu \u00fcberzeugen wie mit seiner herzlichen Gastfreundschaft. Lassen Sie sich Urlaub in einem Boutiquehotel [&hellip;]<\/p>\n","protected":false},"author":1,"featured_media":56019,"parent":0,"menu_order":8,"comment_status":"closed","ping_status":"closed","template":"templatedestination.php","meta":{"inline_featured_image":false,"footnotes":""},"acf":[],"yoast_head":"<!-- This site is optimized with the Yoast SEO plugin v21.9 - https:\/\/yoast.com\/wordpress\/plugins\/seo\/ -->\n<title>Griechenland - Lifestylehotels\u2122<\/title>\n<meta name=\"description\" content=\"Griechenland beeindruckt als Urlaubsdestination mit wundersch\u00f6nen Str\u00e4nden, einsamen Buchten, abertausende Inseln und Fischerd\u00f6rfern.\" \/>\n<meta name=\"robots\" content=\"noindex, follow, max-snippet:-1, max-image-preview:large, max-video-preview:-1\" \/>\n<meta property=\"og:locale\" content=\"de_DE\" \/>\n<meta property=\"og:type\" content=\"article\" \/>\n<meta property=\"og:title\" content=\"Griechenland - Lifestylehotels\u2122\" \/>\n<meta property=\"og:description\" content=\"Griechenland beeindruckt als Urlaubsdestination mit wundersch\u00f6nen Str\u00e4nden, einsamen Buchten, abertausende Inseln und Fischerd\u00f6rfern.\" \/>\n<meta property=\"og:url\" content=\"https:\/\/lifestylehotels.masterbrain.com\/destination-griechenland\/\" \/>\n<meta property=\"og:site_name\" content=\"Lifestylehotels\u2122\" \/>\n<meta property=\"article:modified_time\" content=\"2022-02-18T15:17:07+00:00\" \/>\n<meta property=\"og:image\" content=\"https:\/\/lifestylehotels.masterbrain.com\/wp-content\/uploads\/2022\/02\/Griechenland_Destination_LSH.png\" \/>\n\t<meta property=\"og:image:width\" content=\"1040\" \/>\n\t<meta property=\"og:image:height\" content=\"1388\" \/>\n\t<meta property=\"og:image:type\" content=\"image\/png\" \/>\n<meta name=\"twitter:card\" content=\"summary_large_image\" \/>\n<meta name=\"twitter:label1\" content=\"Gesch\u00e4tzte Lesezeit\" \/>\n\t<meta name=\"twitter:data1\" content=\"1\u00a0Minute\" \/>\n<script type=\"application\/ld+json\" class=\"yoast-schema-graph\">{\"@context\":\"https:\/\/schema.org\",\"@graph\":[{\"@type\":\"WebPage\",\"@id\":\"https:\/\/lifestylehotels.masterbrain.com\/destination-griechenland\/\",\"url\":\"https:\/\/lifestylehotels.masterbrain.com\/destination-griechenland\/\",\"name\":\"Griechenland - Lifestylehotels\u2122\",\"isPartOf\":{\"@id\":\"https:\/\/lifestylehotels.masterbrain.com\/de\/#website\"},\"datePublished\":\"2022-02-16T12:15:55+00:00\",\"dateModified\":\"2022-02-18T15:17:07+00:00\",\"description\":\"Griechenland beeindruckt als Urlaubsdestination mit wundersch\u00f6nen Str\u00e4nden, einsamen Buchten, abertausende Inseln und Fischerd\u00f6rfern.\",\"breadcrumb\":{\"@id\":\"https:\/\/lifestylehotels.masterbrain.com\/destination-griechenland\/#breadcrumb\"},\"inLanguage\":\"de\",\"potentialAction\":[{\"@type\":\"ReadAction\",\"target\":[\"https:\/\/lifestylehotels.masterbrain.com\/destination-griechenland\/\"]}]},{\"@type\":\"BreadcrumbList\",\"@id\":\"https:\/\/lifestylehotels.masterbrain.com\/destination-griechenland\/#breadcrumb\",\"itemListElement\":[{\"@type\":\"ListItem\",\"position\":1,\"name\":\"Startseite\",\"item\":\"https:\/\/lifestylehotels.masterbrain.com\/de\/\"},{\"@type\":\"ListItem\",\"position\":2,\"name\":\"Griechenland\"}]},{\"@type\":\"WebSite\",\"@id\":\"https:\/\/lifestylehotels.masterbrain.com\/de\/#website\",\"url\":\"https:\/\/lifestylehotels.masterbrain.com\/de\/\",\"name\":\"Lifestylehotels\u2122\",\"description\":\"\",\"potentialAction\":[{\"@type\":\"SearchAction\",\"target\":{\"@type\":\"EntryPoint\",\"urlTemplate\":\"https:\/\/lifestylehotels.masterbrain.com\/de\/?s={search_term_string}\"},\"query-input\":\"required name=search_term_string\"}],\"inLanguage\":\"de\"}]}<\/script>\n<!-- \/ Yoast SEO plugin. -->","yoast_head_json":{"title":"Griechenland - Lifestylehotels\u2122","description":"Griechenland beeindruckt als Urlaubsdestination mit wundersch\u00f6nen Str\u00e4nden, einsamen Buchten, abertausende Inseln und Fischerd\u00f6rfern.","robots":{"index":"noindex","follow":"follow","max-snippet":"max-snippet:-1","max-image-preview":"max-image-preview:large","max-video-preview":"max-video-preview:-1"},"og_locale":"de_DE","og_type":"article","og_title":"Griechenland - Lifestylehotels\u2122","og_description":"Griechenland beeindruckt als Urlaubsdestination mit wundersch\u00f6nen Str\u00e4nden, einsamen Buchten, abertausende Inseln und Fischerd\u00f6rfern.","og_url":"https:\/\/lifestylehotels.masterbrain.com\/destination-griechenland\/","og_site_name":"Lifestylehotels\u2122","article_modified_time":"2022-02-18T15:17:07+00:00","og_image":[{"width":1040,"height":1388,"url":"https:\/\/lifestylehotels.masterbrain.com\/wp-content\/uploads\/2022\/02\/Griechenland_Destination_LSH.png","type":"image\/png"}],"twitter_card":"summary_large_image","twitter_misc":{"Gesch\u00e4tzte Lesezeit":"1\u00a0Minute"},"schema":{"@context":"https:\/\/schema.org","@graph":[{"@type":"WebPage","@id":"https:\/\/lifestylehotels.masterbrain.com\/destination-griechenland\/","url":"https:\/\/lifestylehotels.masterbrain.com\/destination-griechenland\/","name":"Griechenland - Lifestylehotels\u2122","isPartOf":{"@id":"https:\/\/lifestylehotels.masterbrain.com\/de\/#website"},"datePublished":"2022-02-16T12:15:55+00:00","dateModified":"2022-02-18T15:17:07+00:00","description":"Griechenland beeindruckt als Urlaubsdestination mit wundersch\u00f6nen Str\u00e4nden, einsamen Buchten, abertausende Inseln und Fischerd\u00f6rfern.","breadcrumb":{"@id":"https:\/\/lifestylehotels.masterbrain.com\/destination-griechenland\/#breadcrumb"},"inLanguage":"de","potentialAction":[{"@type":"ReadAction","target":["https:\/\/lifestylehotels.masterbrain.com\/destination-griechenland\/"]}]},{"@type":"BreadcrumbList","@id":"https:\/\/lifestylehotels.masterbrain.com\/destination-griechenland\/#breadcrumb","itemListElement":[{"@type":"ListItem","position":1,"name":"Startseite","item":"https:\/\/lifestylehotels.masterbrain.com\/de\/"},{"@type":"ListItem","position":2,"name":"Griechenland"}]},{"@type":"WebSite","@id":"https:\/\/lifestylehotels.masterbrain.com\/de\/#website","url":"https:\/\/lifestylehotels.masterbrain.com\/de\/","name":"Lifestylehotels\u2122","description":"","potentialAction":[{"@type":"SearchAction","target":{"@type":"EntryPoint","urlTemplate":"https:\/\/lifestylehotels.masterbrain.com\/de\/?s={search_term_string}"},"query-input":"required name=search_term_string"}],"inLanguage":"de"}]}},"_links":{"self":[{"href":"https:\/\/lifestylehotels.masterbrain.com\/de\/wp-json\/wp\/v2\/pages\/55903"}],"collection":[{"href":"https:\/\/lifestylehotels.masterbrain.com\/de\/wp-json\/wp\/v2\/pages"}],"about":[{"href":"https:\/\/lifestylehotels.masterbrain.com\/de\/wp-json\/wp\/v2\/types\/page"}],"author":[{"embeddable":true,"href":"https:\/\/lifestylehotels.masterbrain.com\/de\/wp-json\/wp\/v2\/users\/1"}],"replies":[{"embeddable":true,"href":"https:\/\/lifestylehotels.masterbrain.com\/de\/wp-json\/wp\/v2\/comments?post=55903"}],"version-history":[{"count":6,"href":"https:\/\/lifestylehotels.masterbrain.com\/de\/wp-json\/wp\/v2\/pages\/55903\/revisions"}],"predecessor-version":[{"id":56116,"href":"https:\/\/lifestylehotels.masterbrain.com\/de\/wp-json\/wp\/v2\/pages\/55903\/revisions\/56116"}],"wp:featuredmedia":[{"embeddable":true,"href":"https:\/\/lifestylehotels.masterbrain.com\/de\/wp-json\/wp\/v2\/media\/56019"}],"wp:attachment":[{"href":"https:\/\/lifestylehotels.masterbrain.com\/de\/wp-json\/wp\/v2\/media?parent=55903"}],"curies":[{"name":"wp","href":"https:\/\/api.w.org\/{rel}","templated":true}]}}