{"id":55966,"date":"2022-02-16T14:36:48","date_gmt":"2022-02-16T13:36:48","guid":{"rendered":"https:\/\/www.lifestylehotels.net\/?page_id=55966"},"modified":"2022-02-18T16:11:11","modified_gmt":"2022-02-18T15:11:11","slug":"destination-italien","status":"publish","type":"page","link":"https:\/\/lifestylehotels.masterbrain.com\/de\/destination-italien\/","title":{"rendered":"Italien"},"content":{"rendered":"\n<h1 class=\"wp-block-heading\">Italien<\/h1>\n\n\n\n<p>Italien ist ber\u00fchmt f\u00fcr seine zahlreichen Sehensw\u00fcrdigkeiten. Viele davon geh\u00f6ren zum UNESCO Weltkulturerbe. Sehenswert sind auch die Lifestylehotels im Land des Dolce Vitas. Zu den am meisten besuchten St\u00e4dten geh\u00f6rt Venedig, das durch seine eindrucksvolle Lage und prachtvollen Geb\u00e4ude besticht. Kunstliebhaber zieht es in die toskanische Metropole Florenz. Auf der Sehnsuchtsliste sollte auch die atemberaubende Amalfik\u00fcste und Sizilien stehen. Immer eine Reise wert ist au\u00dferdem das sch\u00f6ne S\u00fcdtirol zwischen mediterranem und alpinen Lebensstil.<\/p>\n","protected":false},"excerpt":{"rendered":"<p>Italien Italien ist ber\u00fchmt f\u00fcr seine zahlreichen Sehensw\u00fcrdigkeiten. Viele davon geh\u00f6ren zum UNESCO Weltkulturerbe. Sehenswert sind auch die Lifestylehotels im Land des Dolce Vitas. Zu den am meisten besuchten St\u00e4dten geh\u00f6rt Venedig, das durch seine eindrucksvolle Lage und prachtvollen Geb\u00e4ude besticht. Kunstliebhaber zieht es in die toskanische Metropole Florenz. Auf der Sehnsuchtsliste sollte auch die [&hellip;]<\/p>\n","protected":false},"author":1,"featured_media":56175,"parent":0,"menu_order":7,"comment_status":"closed","ping_status":"closed","template":"templatedestination.php","meta":{"inline_featured_image":false,"footnotes":""},"acf":[],"yoast_head":"<!-- This site is optimized with the Yoast SEO plugin v21.9 - https:\/\/yoast.com\/wordpress\/plugins\/seo\/ -->\n<title>Italien - Lifestylehotels\u2122<\/title>\n<meta name=\"description\" content=\"Italien ist ber\u00fchmt f\u00fcr seine zahlreichen Sehensw\u00fcrdigkeiten. Viele davon geh\u00f6ren zum UNESCO Weltkulturerbe.\" \/>\n<meta name=\"robots\" content=\"noindex, follow, max-snippet:-1, max-image-preview:large, max-video-preview:-1\" \/>\n<meta property=\"og:locale\" content=\"de_DE\" \/>\n<meta property=\"og:type\" content=\"article\" \/>\n<meta property=\"og:title\" content=\"Italien - Lifestylehotels\u2122\" \/>\n<meta property=\"og:description\" content=\"Italien ist ber\u00fchmt f\u00fcr seine zahlreichen Sehensw\u00fcrdigkeiten. Viele davon geh\u00f6ren zum UNESCO Weltkulturerbe.\" \/>\n<meta property=\"og:url\" content=\"https:\/\/lifestylehotels.masterbrain.com\/destination-italien\/\" \/>\n<meta property=\"og:site_name\" content=\"Lifestylehotels\u2122\" \/>\n<meta property=\"article:modified_time\" content=\"2022-02-18T15:11:11+00:00\" \/>\n<meta property=\"og:image\" content=\"https:\/\/lifestylehotels.masterbrain.com\/wp-content\/uploads\/2022\/02\/Italien_Destination.jpg\" \/>\n\t<meta property=\"og:image:width\" content=\"1040\" \/>\n\t<meta property=\"og:image:height\" content=\"1388\" \/>\n\t<meta property=\"og:image:type\" content=\"image\/jpeg\" \/>\n<meta name=\"twitter:card\" content=\"summary_large_image\" \/>\n<meta name=\"twitter:label1\" content=\"Gesch\u00e4tzte Lesezeit\" \/>\n\t<meta name=\"twitter:data1\" content=\"1\u00a0Minute\" \/>\n<script type=\"application\/ld+json\" class=\"yoast-schema-graph\">{\"@context\":\"https:\/\/schema.org\",\"@graph\":[{\"@type\":\"WebPage\",\"@id\":\"https:\/\/lifestylehotels.masterbrain.com\/destination-italien\/\",\"url\":\"https:\/\/lifestylehotels.masterbrain.com\/destination-italien\/\",\"name\":\"Italien - Lifestylehotels\u2122\",\"isPartOf\":{\"@id\":\"https:\/\/lifestylehotels.masterbrain.com\/de\/#website\"},\"datePublished\":\"2022-02-16T13:36:48+00:00\",\"dateModified\":\"2022-02-18T15:11:11+00:00\",\"description\":\"Italien ist ber\u00fchmt f\u00fcr seine zahlreichen Sehensw\u00fcrdigkeiten. Viele davon geh\u00f6ren zum UNESCO Weltkulturerbe.\",\"breadcrumb\":{\"@id\":\"https:\/\/lifestylehotels.masterbrain.com\/destination-italien\/#breadcrumb\"},\"inLanguage\":\"de\",\"potentialAction\":[{\"@type\":\"ReadAction\",\"target\":[\"https:\/\/lifestylehotels.masterbrain.com\/destination-italien\/\"]}]},{\"@type\":\"BreadcrumbList\",\"@id\":\"https:\/\/lifestylehotels.masterbrain.com\/destination-italien\/#breadcrumb\",\"itemListElement\":[{\"@type\":\"ListItem\",\"position\":1,\"name\":\"Startseite\",\"item\":\"https:\/\/lifestylehotels.masterbrain.com\/de\/\"},{\"@type\":\"ListItem\",\"position\":2,\"name\":\"Italien\"}]},{\"@type\":\"WebSite\",\"@id\":\"https:\/\/lifestylehotels.masterbrain.com\/de\/#website\",\"url\":\"https:\/\/lifestylehotels.masterbrain.com\/de\/\",\"name\":\"Lifestylehotels\u2122\",\"description\":\"\",\"potentialAction\":[{\"@type\":\"SearchAction\",\"target\":{\"@type\":\"EntryPoint\",\"urlTemplate\":\"https:\/\/lifestylehotels.masterbrain.com\/de\/?s={search_term_string}\"},\"query-input\":\"required name=search_term_string\"}],\"inLanguage\":\"de\"}]}<\/script>\n<!-- \/ Yoast SEO plugin. -->","yoast_head_json":{"title":"Italien - Lifestylehotels\u2122","description":"Italien ist ber\u00fchmt f\u00fcr seine zahlreichen Sehensw\u00fcrdigkeiten. Viele davon geh\u00f6ren zum UNESCO Weltkulturerbe.","robots":{"index":"noindex","follow":"follow","max-snippet":"max-snippet:-1","max-image-preview":"max-image-preview:large","max-video-preview":"max-video-preview:-1"},"og_locale":"de_DE","og_type":"article","og_title":"Italien - Lifestylehotels\u2122","og_description":"Italien ist ber\u00fchmt f\u00fcr seine zahlreichen Sehensw\u00fcrdigkeiten. Viele davon geh\u00f6ren zum UNESCO Weltkulturerbe.","og_url":"https:\/\/lifestylehotels.masterbrain.com\/destination-italien\/","og_site_name":"Lifestylehotels\u2122","article_modified_time":"2022-02-18T15:11:11+00:00","og_image":[{"width":1040,"height":1388,"url":"https:\/\/lifestylehotels.masterbrain.com\/wp-content\/uploads\/2022\/02\/Italien_Destination.jpg","type":"image\/jpeg"}],"twitter_card":"summary_large_image","twitter_misc":{"Gesch\u00e4tzte Lesezeit":"1\u00a0Minute"},"schema":{"@context":"https:\/\/schema.org","@graph":[{"@type":"WebPage","@id":"https:\/\/lifestylehotels.masterbrain.com\/destination-italien\/","url":"https:\/\/lifestylehotels.masterbrain.com\/destination-italien\/","name":"Italien - Lifestylehotels\u2122","isPartOf":{"@id":"https:\/\/lifestylehotels.masterbrain.com\/de\/#website"},"datePublished":"2022-02-16T13:36:48+00:00","dateModified":"2022-02-18T15:11:11+00:00","description":"Italien ist ber\u00fchmt f\u00fcr seine zahlreichen Sehensw\u00fcrdigkeiten. Viele davon geh\u00f6ren zum UNESCO Weltkulturerbe.","breadcrumb":{"@id":"https:\/\/lifestylehotels.masterbrain.com\/destination-italien\/#breadcrumb"},"inLanguage":"de","potentialAction":[{"@type":"ReadAction","target":["https:\/\/lifestylehotels.masterbrain.com\/destination-italien\/"]}]},{"@type":"BreadcrumbList","@id":"https:\/\/lifestylehotels.masterbrain.com\/destination-italien\/#breadcrumb","itemListElement":[{"@type":"ListItem","position":1,"name":"Startseite","item":"https:\/\/lifestylehotels.masterbrain.com\/de\/"},{"@type":"ListItem","position":2,"name":"Italien"}]},{"@type":"WebSite","@id":"https:\/\/lifestylehotels.masterbrain.com\/de\/#website","url":"https:\/\/lifestylehotels.masterbrain.com\/de\/","name":"Lifestylehotels\u2122","description":"","potentialAction":[{"@type":"SearchAction","target":{"@type":"EntryPoint","urlTemplate":"https:\/\/lifestylehotels.masterbrain.com\/de\/?s={search_term_string}"},"query-input":"required name=search_term_string"}],"inLanguage":"de"}]}},"_links":{"self":[{"href":"https:\/\/lifestylehotels.masterbrain.com\/de\/wp-json\/wp\/v2\/pages\/55966"}],"collection":[{"href":"https:\/\/lifestylehotels.masterbrain.com\/de\/wp-json\/wp\/v2\/pages"}],"about":[{"href":"https:\/\/lifestylehotels.masterbrain.com\/de\/wp-json\/wp\/v2\/types\/page"}],"author":[{"embeddable":true,"href":"https:\/\/lifestylehotels.masterbrain.com\/de\/wp-json\/wp\/v2\/users\/1"}],"replies":[{"embeddable":true,"href":"https:\/\/lifestylehotels.masterbrain.com\/de\/wp-json\/wp\/v2\/comments?post=55966"}],"version-history":[{"count":7,"href":"https:\/\/lifestylehotels.masterbrain.com\/de\/wp-json\/wp\/v2\/pages\/55966\/revisions"}],"predecessor-version":[{"id":56625,"href":"https:\/\/lifestylehotels.masterbrain.com\/de\/wp-json\/wp\/v2\/pages\/55966\/revisions\/56625"}],"wp:featuredmedia":[{"embeddable":true,"href":"https:\/\/lifestylehotels.masterbrain.com\/de\/wp-json\/wp\/v2\/media\/56175"}],"wp:attachment":[{"href":"https:\/\/lifestylehotels.masterbrain.com\/de\/wp-json\/wp\/v2\/media?parent=55966"}],"curies":[{"name":"wp","href":"https:\/\/api.w.org\/{rel}","templated":true}]}}