{"id":55999,"date":"2022-02-16T14:52:26","date_gmt":"2022-02-16T13:52:26","guid":{"rendered":"https:\/\/www.lifestylehotels.net\/?page_id=55999"},"modified":"2022-02-18T16:07:11","modified_gmt":"2022-02-18T15:07:11","slug":"portugal","status":"publish","type":"page","link":"https:\/\/lifestylehotels.masterbrain.com\/de\/portugal\/","title":{"rendered":"Portugal"},"content":{"rendered":"\n<h1 class=\"wp-block-heading\">Portugal<\/h1>\n\n\n\n<p>Portugal ist eines der vielf\u00e4ltigsten Reiseziele Europas. Die meisten Besucher zieht es wegen der sch\u00f6nen Str\u00e4nde an die Algarve. Ein Highlight ist die Insel Madeira mit seiner \u00fcppig wuchernden, tropischen Vegetation. Alentejo, etwa 2 Autostunden s\u00fcdlich von Lissabon ist das Reiseziel der Reichen und Sch\u00f6nen. Die Str\u00e4nde von Carvalhal und Pego geh\u00f6ren zu den sch\u00f6nsten Str\u00e4nden Portugals. Unsere Boutiquehotels Portugal sind echte Insidertipps.<\/p>\n\n\n\n<p><\/p>\n","protected":false},"excerpt":{"rendered":"<p>Portugal Portugal ist eines der vielf\u00e4ltigsten Reiseziele Europas. Die meisten Besucher zieht es wegen der sch\u00f6nen Str\u00e4nde an die Algarve. Ein Highlight ist die Insel Madeira mit seiner \u00fcppig wuchernden, tropischen Vegetation. Alentejo, etwa 2 Autostunden s\u00fcdlich von Lissabon ist das Reiseziel der Reichen und Sch\u00f6nen. Die Str\u00e4nde von Carvalhal und Pego geh\u00f6ren zu den [&hellip;]<\/p>\n","protected":false},"author":1,"featured_media":56113,"parent":0,"menu_order":6,"comment_status":"closed","ping_status":"closed","template":"templatedestination.php","meta":{"inline_featured_image":false,"footnotes":""},"acf":[],"yoast_head":"<!-- This site is optimized with the Yoast SEO plugin v21.9 - https:\/\/yoast.com\/wordpress\/plugins\/seo\/ -->\n<title>Portugal - Lifestylehotels\u2122<\/title>\n<meta name=\"description\" content=\"Portugal ist eines der vielf\u00e4ltigsten Reiseziele Europas. Die meisten Besucher zieht es wegen der sch\u00f6nen Str\u00e4nde an die Algarve.\" \/>\n<meta name=\"robots\" content=\"noindex, follow, max-snippet:-1, max-image-preview:large, max-video-preview:-1\" \/>\n<meta property=\"og:locale\" content=\"de_DE\" \/>\n<meta property=\"og:type\" content=\"article\" \/>\n<meta property=\"og:title\" content=\"Portugal - Lifestylehotels\u2122\" \/>\n<meta property=\"og:description\" content=\"Portugal ist eines der vielf\u00e4ltigsten Reiseziele Europas. Die meisten Besucher zieht es wegen der sch\u00f6nen Str\u00e4nde an die Algarve.\" \/>\n<meta property=\"og:url\" content=\"https:\/\/lifestylehotels.masterbrain.com\/portugal\/\" \/>\n<meta property=\"og:site_name\" content=\"Lifestylehotels\u2122\" \/>\n<meta property=\"article:modified_time\" content=\"2022-02-18T15:07:11+00:00\" \/>\n<meta property=\"og:image\" content=\"https:\/\/lifestylehotels.masterbrain.com\/wp-content\/uploads\/2022\/02\/Portugal_Destination.jpg\" \/>\n\t<meta property=\"og:image:width\" content=\"1040\" \/>\n\t<meta property=\"og:image:height\" content=\"1388\" \/>\n\t<meta property=\"og:image:type\" content=\"image\/jpeg\" \/>\n<meta name=\"twitter:card\" content=\"summary_large_image\" \/>\n<meta name=\"twitter:label1\" content=\"Gesch\u00e4tzte Lesezeit\" \/>\n\t<meta name=\"twitter:data1\" content=\"1\u00a0Minute\" \/>\n<script type=\"application\/ld+json\" class=\"yoast-schema-graph\">{\"@context\":\"https:\/\/schema.org\",\"@graph\":[{\"@type\":\"WebPage\",\"@id\":\"https:\/\/lifestylehotels.masterbrain.com\/portugal\/\",\"url\":\"https:\/\/lifestylehotels.masterbrain.com\/portugal\/\",\"name\":\"Portugal - Lifestylehotels\u2122\",\"isPartOf\":{\"@id\":\"https:\/\/lifestylehotels.masterbrain.com\/de\/#website\"},\"datePublished\":\"2022-02-16T13:52:26+00:00\",\"dateModified\":\"2022-02-18T15:07:11+00:00\",\"description\":\"Portugal ist eines der vielf\u00e4ltigsten Reiseziele Europas. Die meisten Besucher zieht es wegen der sch\u00f6nen Str\u00e4nde an die Algarve.\",\"breadcrumb\":{\"@id\":\"https:\/\/lifestylehotels.masterbrain.com\/portugal\/#breadcrumb\"},\"inLanguage\":\"de\",\"potentialAction\":[{\"@type\":\"ReadAction\",\"target\":[\"https:\/\/lifestylehotels.masterbrain.com\/portugal\/\"]}]},{\"@type\":\"BreadcrumbList\",\"@id\":\"https:\/\/lifestylehotels.masterbrain.com\/portugal\/#breadcrumb\",\"itemListElement\":[{\"@type\":\"ListItem\",\"position\":1,\"name\":\"Startseite\",\"item\":\"https:\/\/lifestylehotels.masterbrain.com\/de\/\"},{\"@type\":\"ListItem\",\"position\":2,\"name\":\"Portugal\"}]},{\"@type\":\"WebSite\",\"@id\":\"https:\/\/lifestylehotels.masterbrain.com\/de\/#website\",\"url\":\"https:\/\/lifestylehotels.masterbrain.com\/de\/\",\"name\":\"Lifestylehotels\u2122\",\"description\":\"\",\"potentialAction\":[{\"@type\":\"SearchAction\",\"target\":{\"@type\":\"EntryPoint\",\"urlTemplate\":\"https:\/\/lifestylehotels.masterbrain.com\/de\/?s={search_term_string}\"},\"query-input\":\"required name=search_term_string\"}],\"inLanguage\":\"de\"}]}<\/script>\n<!-- \/ Yoast SEO plugin. -->","yoast_head_json":{"title":"Portugal - Lifestylehotels\u2122","description":"Portugal ist eines der vielf\u00e4ltigsten Reiseziele Europas. Die meisten Besucher zieht es wegen der sch\u00f6nen Str\u00e4nde an die Algarve.","robots":{"index":"noindex","follow":"follow","max-snippet":"max-snippet:-1","max-image-preview":"max-image-preview:large","max-video-preview":"max-video-preview:-1"},"og_locale":"de_DE","og_type":"article","og_title":"Portugal - Lifestylehotels\u2122","og_description":"Portugal ist eines der vielf\u00e4ltigsten Reiseziele Europas. Die meisten Besucher zieht es wegen der sch\u00f6nen Str\u00e4nde an die Algarve.","og_url":"https:\/\/lifestylehotels.masterbrain.com\/portugal\/","og_site_name":"Lifestylehotels\u2122","article_modified_time":"2022-02-18T15:07:11+00:00","og_image":[{"width":1040,"height":1388,"url":"https:\/\/lifestylehotels.masterbrain.com\/wp-content\/uploads\/2022\/02\/Portugal_Destination.jpg","type":"image\/jpeg"}],"twitter_card":"summary_large_image","twitter_misc":{"Gesch\u00e4tzte Lesezeit":"1\u00a0Minute"},"schema":{"@context":"https:\/\/schema.org","@graph":[{"@type":"WebPage","@id":"https:\/\/lifestylehotels.masterbrain.com\/portugal\/","url":"https:\/\/lifestylehotels.masterbrain.com\/portugal\/","name":"Portugal - Lifestylehotels\u2122","isPartOf":{"@id":"https:\/\/lifestylehotels.masterbrain.com\/de\/#website"},"datePublished":"2022-02-16T13:52:26+00:00","dateModified":"2022-02-18T15:07:11+00:00","description":"Portugal ist eines der vielf\u00e4ltigsten Reiseziele Europas. Die meisten Besucher zieht es wegen der sch\u00f6nen Str\u00e4nde an die Algarve.","breadcrumb":{"@id":"https:\/\/lifestylehotels.masterbrain.com\/portugal\/#breadcrumb"},"inLanguage":"de","potentialAction":[{"@type":"ReadAction","target":["https:\/\/lifestylehotels.masterbrain.com\/portugal\/"]}]},{"@type":"BreadcrumbList","@id":"https:\/\/lifestylehotels.masterbrain.com\/portugal\/#breadcrumb","itemListElement":[{"@type":"ListItem","position":1,"name":"Startseite","item":"https:\/\/lifestylehotels.masterbrain.com\/de\/"},{"@type":"ListItem","position":2,"name":"Portugal"}]},{"@type":"WebSite","@id":"https:\/\/lifestylehotels.masterbrain.com\/de\/#website","url":"https:\/\/lifestylehotels.masterbrain.com\/de\/","name":"Lifestylehotels\u2122","description":"","potentialAction":[{"@type":"SearchAction","target":{"@type":"EntryPoint","urlTemplate":"https:\/\/lifestylehotels.masterbrain.com\/de\/?s={search_term_string}"},"query-input":"required name=search_term_string"}],"inLanguage":"de"}]}},"_links":{"self":[{"href":"https:\/\/lifestylehotels.masterbrain.com\/de\/wp-json\/wp\/v2\/pages\/55999"}],"collection":[{"href":"https:\/\/lifestylehotels.masterbrain.com\/de\/wp-json\/wp\/v2\/pages"}],"about":[{"href":"https:\/\/lifestylehotels.masterbrain.com\/de\/wp-json\/wp\/v2\/types\/page"}],"author":[{"embeddable":true,"href":"https:\/\/lifestylehotels.masterbrain.com\/de\/wp-json\/wp\/v2\/users\/1"}],"replies":[{"embeddable":true,"href":"https:\/\/lifestylehotels.masterbrain.com\/de\/wp-json\/wp\/v2\/comments?post=55999"}],"version-history":[{"count":5,"href":"https:\/\/lifestylehotels.masterbrain.com\/de\/wp-json\/wp\/v2\/pages\/55999\/revisions"}],"predecessor-version":[{"id":56622,"href":"https:\/\/lifestylehotels.masterbrain.com\/de\/wp-json\/wp\/v2\/pages\/55999\/revisions\/56622"}],"wp:featuredmedia":[{"embeddable":true,"href":"https:\/\/lifestylehotels.masterbrain.com\/de\/wp-json\/wp\/v2\/media\/56113"}],"wp:attachment":[{"href":"https:\/\/lifestylehotels.masterbrain.com\/de\/wp-json\/wp\/v2\/media?parent=55999"}],"curies":[{"name":"wp","href":"https:\/\/api.w.org\/{rel}","templated":true}]}}