{"id":56011,"date":"2022-02-16T14:54:49","date_gmt":"2022-02-16T13:54:49","guid":{"rendered":"https:\/\/www.lifestylehotels.net\/?page_id=56011"},"modified":"2022-02-18T16:03:46","modified_gmt":"2022-02-18T15:03:46","slug":"schweiz","status":"publish","type":"page","link":"https:\/\/lifestylehotels.masterbrain.com\/de\/schweiz\/","title":{"rendered":"Schweiz"},"content":{"rendered":"\n<h1 class=\"wp-block-heading\">Schweiz<\/h1>\n\n\n\n<p>Die Schweiz mag neutral sein, ist jedoch beileibe nicht langweilig. Aus der Mischung deutscher, franz\u00f6sischer und italienischer Zutaten erwuchs eine multikulturelle Gesellschaft und die schweizerischen Gebirgslandschaften sind so faszinierend, dass selbst Vielgereiste manchmal keine Worte mehr finden. Das Nebeneinander von ungez\u00e4hmter Alpenwelt, kultureller Vielfallt und herausgeputzten D\u00f6rfern und St\u00e4dten macht die Schweiz so einzigartig. Lifestylehotels bietet eine feine Auswahl f\u00fcr Ihr Boutiquehotel in der Schweiz.<\/p>\n","protected":false},"excerpt":{"rendered":"<p>Schweiz Die Schweiz mag neutral sein, ist jedoch beileibe nicht langweilig. Aus der Mischung deutscher, franz\u00f6sischer und italienischer Zutaten erwuchs eine multikulturelle Gesellschaft und die schweizerischen Gebirgslandschaften sind so faszinierend, dass selbst Vielgereiste manchmal keine Worte mehr finden. Das Nebeneinander von ungez\u00e4hmter Alpenwelt, kultureller Vielfallt und herausgeputzten D\u00f6rfern und St\u00e4dten macht die Schweiz so einzigartig. [&hellip;]<\/p>\n","protected":false},"author":1,"featured_media":56173,"parent":0,"menu_order":5,"comment_status":"closed","ping_status":"closed","template":"templatedestination.php","meta":{"inline_featured_image":false,"footnotes":""},"acf":[],"yoast_head":"<!-- This site is optimized with the Yoast SEO plugin v21.9 - https:\/\/yoast.com\/wordpress\/plugins\/seo\/ -->\n<title>Schweiz - Lifestylehotels\u2122<\/title>\n<meta name=\"description\" content=\"Das Nebeneinander von ungez\u00e4hmter Alpenwelt, kultureller Vielfallt und herausgeputzten D\u00f6rfern und St\u00e4dten macht die Schweiz so einzigartig.\" \/>\n<meta name=\"robots\" content=\"noindex, follow, max-snippet:-1, max-image-preview:large, max-video-preview:-1\" \/>\n<meta property=\"og:locale\" content=\"de_DE\" \/>\n<meta property=\"og:type\" content=\"article\" \/>\n<meta property=\"og:title\" content=\"Schweiz - Lifestylehotels\u2122\" \/>\n<meta property=\"og:description\" content=\"Das Nebeneinander von ungez\u00e4hmter Alpenwelt, kultureller Vielfallt und herausgeputzten D\u00f6rfern und St\u00e4dten macht die Schweiz so einzigartig.\" \/>\n<meta property=\"og:url\" content=\"https:\/\/lifestylehotels.masterbrain.com\/schweiz\/\" \/>\n<meta property=\"og:site_name\" content=\"Lifestylehotels\u2122\" \/>\n<meta property=\"article:modified_time\" content=\"2022-02-18T15:03:46+00:00\" \/>\n<meta property=\"og:image\" content=\"https:\/\/lifestylehotels.masterbrain.com\/wp-content\/uploads\/2022\/02\/Schweiz_Destination.jpg\" \/>\n\t<meta property=\"og:image:width\" content=\"1040\" \/>\n\t<meta property=\"og:image:height\" content=\"1388\" \/>\n\t<meta property=\"og:image:type\" content=\"image\/jpeg\" \/>\n<meta name=\"twitter:card\" content=\"summary_large_image\" \/>\n<meta name=\"twitter:label1\" content=\"Gesch\u00e4tzte Lesezeit\" \/>\n\t<meta name=\"twitter:data1\" content=\"1\u00a0Minute\" \/>\n<script type=\"application\/ld+json\" class=\"yoast-schema-graph\">{\"@context\":\"https:\/\/schema.org\",\"@graph\":[{\"@type\":\"WebPage\",\"@id\":\"https:\/\/lifestylehotels.masterbrain.com\/schweiz\/\",\"url\":\"https:\/\/lifestylehotels.masterbrain.com\/schweiz\/\",\"name\":\"Schweiz - Lifestylehotels\u2122\",\"isPartOf\":{\"@id\":\"https:\/\/lifestylehotels.masterbrain.com\/de\/#website\"},\"datePublished\":\"2022-02-16T13:54:49+00:00\",\"dateModified\":\"2022-02-18T15:03:46+00:00\",\"description\":\"Das Nebeneinander von ungez\u00e4hmter Alpenwelt, kultureller Vielfallt und herausgeputzten D\u00f6rfern und St\u00e4dten macht die Schweiz so einzigartig.\",\"breadcrumb\":{\"@id\":\"https:\/\/lifestylehotels.masterbrain.com\/schweiz\/#breadcrumb\"},\"inLanguage\":\"de\",\"potentialAction\":[{\"@type\":\"ReadAction\",\"target\":[\"https:\/\/lifestylehotels.masterbrain.com\/schweiz\/\"]}]},{\"@type\":\"BreadcrumbList\",\"@id\":\"https:\/\/lifestylehotels.masterbrain.com\/schweiz\/#breadcrumb\",\"itemListElement\":[{\"@type\":\"ListItem\",\"position\":1,\"name\":\"Startseite\",\"item\":\"https:\/\/lifestylehotels.masterbrain.com\/de\/\"},{\"@type\":\"ListItem\",\"position\":2,\"name\":\"Schweiz\"}]},{\"@type\":\"WebSite\",\"@id\":\"https:\/\/lifestylehotels.masterbrain.com\/de\/#website\",\"url\":\"https:\/\/lifestylehotels.masterbrain.com\/de\/\",\"name\":\"Lifestylehotels\u2122\",\"description\":\"\",\"potentialAction\":[{\"@type\":\"SearchAction\",\"target\":{\"@type\":\"EntryPoint\",\"urlTemplate\":\"https:\/\/lifestylehotels.masterbrain.com\/de\/?s={search_term_string}\"},\"query-input\":\"required name=search_term_string\"}],\"inLanguage\":\"de\"}]}<\/script>\n<!-- \/ Yoast SEO plugin. -->","yoast_head_json":{"title":"Schweiz - Lifestylehotels\u2122","description":"Das Nebeneinander von ungez\u00e4hmter Alpenwelt, kultureller Vielfallt und herausgeputzten D\u00f6rfern und St\u00e4dten macht die Schweiz so einzigartig.","robots":{"index":"noindex","follow":"follow","max-snippet":"max-snippet:-1","max-image-preview":"max-image-preview:large","max-video-preview":"max-video-preview:-1"},"og_locale":"de_DE","og_type":"article","og_title":"Schweiz - Lifestylehotels\u2122","og_description":"Das Nebeneinander von ungez\u00e4hmter Alpenwelt, kultureller Vielfallt und herausgeputzten D\u00f6rfern und St\u00e4dten macht die Schweiz so einzigartig.","og_url":"https:\/\/lifestylehotels.masterbrain.com\/schweiz\/","og_site_name":"Lifestylehotels\u2122","article_modified_time":"2022-02-18T15:03:46+00:00","og_image":[{"width":1040,"height":1388,"url":"https:\/\/lifestylehotels.masterbrain.com\/wp-content\/uploads\/2022\/02\/Schweiz_Destination.jpg","type":"image\/jpeg"}],"twitter_card":"summary_large_image","twitter_misc":{"Gesch\u00e4tzte Lesezeit":"1\u00a0Minute"},"schema":{"@context":"https:\/\/schema.org","@graph":[{"@type":"WebPage","@id":"https:\/\/lifestylehotels.masterbrain.com\/schweiz\/","url":"https:\/\/lifestylehotels.masterbrain.com\/schweiz\/","name":"Schweiz - Lifestylehotels\u2122","isPartOf":{"@id":"https:\/\/lifestylehotels.masterbrain.com\/de\/#website"},"datePublished":"2022-02-16T13:54:49+00:00","dateModified":"2022-02-18T15:03:46+00:00","description":"Das Nebeneinander von ungez\u00e4hmter Alpenwelt, kultureller Vielfallt und herausgeputzten D\u00f6rfern und St\u00e4dten macht die Schweiz so einzigartig.","breadcrumb":{"@id":"https:\/\/lifestylehotels.masterbrain.com\/schweiz\/#breadcrumb"},"inLanguage":"de","potentialAction":[{"@type":"ReadAction","target":["https:\/\/lifestylehotels.masterbrain.com\/schweiz\/"]}]},{"@type":"BreadcrumbList","@id":"https:\/\/lifestylehotels.masterbrain.com\/schweiz\/#breadcrumb","itemListElement":[{"@type":"ListItem","position":1,"name":"Startseite","item":"https:\/\/lifestylehotels.masterbrain.com\/de\/"},{"@type":"ListItem","position":2,"name":"Schweiz"}]},{"@type":"WebSite","@id":"https:\/\/lifestylehotels.masterbrain.com\/de\/#website","url":"https:\/\/lifestylehotels.masterbrain.com\/de\/","name":"Lifestylehotels\u2122","description":"","potentialAction":[{"@type":"SearchAction","target":{"@type":"EntryPoint","urlTemplate":"https:\/\/lifestylehotels.masterbrain.com\/de\/?s={search_term_string}"},"query-input":"required name=search_term_string"}],"inLanguage":"de"}]}},"_links":{"self":[{"href":"https:\/\/lifestylehotels.masterbrain.com\/de\/wp-json\/wp\/v2\/pages\/56011"}],"collection":[{"href":"https:\/\/lifestylehotels.masterbrain.com\/de\/wp-json\/wp\/v2\/pages"}],"about":[{"href":"https:\/\/lifestylehotels.masterbrain.com\/de\/wp-json\/wp\/v2\/types\/page"}],"author":[{"embeddable":true,"href":"https:\/\/lifestylehotels.masterbrain.com\/de\/wp-json\/wp\/v2\/users\/1"}],"replies":[{"embeddable":true,"href":"https:\/\/lifestylehotels.masterbrain.com\/de\/wp-json\/wp\/v2\/comments?post=56011"}],"version-history":[{"count":6,"href":"https:\/\/lifestylehotels.masterbrain.com\/de\/wp-json\/wp\/v2\/pages\/56011\/revisions"}],"predecessor-version":[{"id":56620,"href":"https:\/\/lifestylehotels.masterbrain.com\/de\/wp-json\/wp\/v2\/pages\/56011\/revisions\/56620"}],"wp:featuredmedia":[{"embeddable":true,"href":"https:\/\/lifestylehotels.masterbrain.com\/de\/wp-json\/wp\/v2\/media\/56173"}],"wp:attachment":[{"href":"https:\/\/lifestylehotels.masterbrain.com\/de\/wp-json\/wp\/v2\/media?parent=56011"}],"curies":[{"name":"wp","href":"https:\/\/api.w.org\/{rel}","templated":true}]}}