{"id":56078,"date":"2022-02-16T16:09:46","date_gmt":"2022-02-16T15:09:46","guid":{"rendered":"https:\/\/www.lifestylehotels.net\/?page_id=56078"},"modified":"2022-02-21T14:16:09","modified_gmt":"2022-02-21T13:16:09","slug":"indonesien","status":"publish","type":"page","link":"https:\/\/lifestylehotels.masterbrain.com\/de\/indonesien\/","title":{"rendered":"Indonesien"},"content":{"rendered":"\n<h1 class=\"wp-block-heading\">Indonesien<\/h1>\n\n\n\n<p>Indonesien ist ein s\u00fcdostasiatisches Land, das aus tausenden Vulkaninseln besteht. Die Bev\u00f6lkerung setzt sich aus hunderten ethnischen Gruppen zusammen, die viele verschiedene Sprachen sprechen. Die Sch\u00f6nheit der malerischen Naturlandschaften vermischt sich mit der einzigartigen Kultur der Menschen. Genie\u00dfen Sie die unber\u00fchrten Str\u00e4nde, Berge, Vulkane und die kraftvolle Natur der Inseln mit all ihren Fl\u00fcssen, Seen und faszinierenden Wasserf\u00e4llen. Erleben Sie au\u00dfergew\u00f6hnliche Orte und D\u00f6rfer zu Fu\u00df, mit dem Fahrrad oder zu Pferd. Das Lifestylehotels Mitgliedshotel in Sumba ist nur eines von vielen Beispielen f\u00fcr einen nachhaltigen Betrieb im Einklang mit der Umwelt und dem sumbanesischen Volk. Hier trifft trifft die wilde Natur und traditionelle Kultur auf einzigartigen Luxus und wird zu einem ungesehenen Ort von Freiheit, Abenteuer und Entspannung.<\/p>\n","protected":false},"excerpt":{"rendered":"<p>Indonesien Indonesien ist ein s\u00fcdostasiatisches Land, das aus tausenden Vulkaninseln besteht. Die Bev\u00f6lkerung setzt sich aus hunderten ethnischen Gruppen zusammen, die viele verschiedene Sprachen sprechen. Die Sch\u00f6nheit der malerischen Naturlandschaften vermischt sich mit der einzigartigen Kultur der Menschen. Genie\u00dfen Sie die unber\u00fchrten Str\u00e4nde, Berge, Vulkane und die kraftvolle Natur der Inseln mit all ihren Fl\u00fcssen, [&hellip;]<\/p>\n","protected":false},"author":1,"featured_media":56109,"parent":0,"menu_order":0,"comment_status":"closed","ping_status":"closed","template":"templatedestination.php","meta":{"inline_featured_image":false,"footnotes":""},"acf":[],"yoast_head":"<!-- This site is optimized with the Yoast SEO plugin v21.9 - https:\/\/yoast.com\/wordpress\/plugins\/seo\/ -->\n<title>Indonesien - Lifestylehotels\u2122<\/title>\n<meta name=\"description\" content=\"In Indonesien verschmischt sich die Sch\u00f6nheit der malerischen Naturlandschaften mit der einzigartigen Kultur der Menschen.\" \/>\n<meta name=\"robots\" content=\"noindex, follow, max-snippet:-1, max-image-preview:large, max-video-preview:-1\" \/>\n<meta property=\"og:locale\" content=\"de_DE\" \/>\n<meta property=\"og:type\" content=\"article\" \/>\n<meta property=\"og:title\" content=\"Indonesien - Lifestylehotels\u2122\" \/>\n<meta property=\"og:description\" content=\"In Indonesien verschmischt sich die Sch\u00f6nheit der malerischen Naturlandschaften mit der einzigartigen Kultur der Menschen.\" \/>\n<meta property=\"og:url\" content=\"https:\/\/lifestylehotels.masterbrain.com\/indonesien\/\" \/>\n<meta property=\"og:site_name\" content=\"Lifestylehotels\u2122\" \/>\n<meta property=\"article:modified_time\" content=\"2022-02-21T13:16:09+00:00\" \/>\n<meta property=\"og:image\" content=\"https:\/\/lifestylehotels.masterbrain.com\/wp-content\/uploads\/2022\/02\/Indonesien_Destination.jpg\" \/>\n\t<meta property=\"og:image:width\" content=\"1040\" \/>\n\t<meta property=\"og:image:height\" content=\"1388\" \/>\n\t<meta property=\"og:image:type\" content=\"image\/jpeg\" \/>\n<meta name=\"twitter:card\" content=\"summary_large_image\" \/>\n<meta name=\"twitter:label1\" content=\"Gesch\u00e4tzte Lesezeit\" \/>\n\t<meta name=\"twitter:data1\" content=\"1\u00a0Minute\" \/>\n<script type=\"application\/ld+json\" class=\"yoast-schema-graph\">{\"@context\":\"https:\/\/schema.org\",\"@graph\":[{\"@type\":\"WebPage\",\"@id\":\"https:\/\/lifestylehotels.masterbrain.com\/indonesien\/\",\"url\":\"https:\/\/lifestylehotels.masterbrain.com\/indonesien\/\",\"name\":\"Indonesien - Lifestylehotels\u2122\",\"isPartOf\":{\"@id\":\"https:\/\/lifestylehotels.masterbrain.com\/de\/#website\"},\"datePublished\":\"2022-02-16T15:09:46+00:00\",\"dateModified\":\"2022-02-21T13:16:09+00:00\",\"description\":\"In Indonesien verschmischt sich die Sch\u00f6nheit der malerischen Naturlandschaften mit der einzigartigen Kultur der Menschen.\",\"breadcrumb\":{\"@id\":\"https:\/\/lifestylehotels.masterbrain.com\/indonesien\/#breadcrumb\"},\"inLanguage\":\"de\",\"potentialAction\":[{\"@type\":\"ReadAction\",\"target\":[\"https:\/\/lifestylehotels.masterbrain.com\/indonesien\/\"]}]},{\"@type\":\"BreadcrumbList\",\"@id\":\"https:\/\/lifestylehotels.masterbrain.com\/indonesien\/#breadcrumb\",\"itemListElement\":[{\"@type\":\"ListItem\",\"position\":1,\"name\":\"Startseite\",\"item\":\"https:\/\/lifestylehotels.masterbrain.com\/de\/\"},{\"@type\":\"ListItem\",\"position\":2,\"name\":\"Indonesien\"}]},{\"@type\":\"WebSite\",\"@id\":\"https:\/\/lifestylehotels.masterbrain.com\/de\/#website\",\"url\":\"https:\/\/lifestylehotels.masterbrain.com\/de\/\",\"name\":\"Lifestylehotels\u2122\",\"description\":\"\",\"potentialAction\":[{\"@type\":\"SearchAction\",\"target\":{\"@type\":\"EntryPoint\",\"urlTemplate\":\"https:\/\/lifestylehotels.masterbrain.com\/de\/?s={search_term_string}\"},\"query-input\":\"required name=search_term_string\"}],\"inLanguage\":\"de\"}]}<\/script>\n<!-- \/ Yoast SEO plugin. -->","yoast_head_json":{"title":"Indonesien - Lifestylehotels\u2122","description":"In Indonesien verschmischt sich die Sch\u00f6nheit der malerischen Naturlandschaften mit der einzigartigen Kultur der Menschen.","robots":{"index":"noindex","follow":"follow","max-snippet":"max-snippet:-1","max-image-preview":"max-image-preview:large","max-video-preview":"max-video-preview:-1"},"og_locale":"de_DE","og_type":"article","og_title":"Indonesien - Lifestylehotels\u2122","og_description":"In Indonesien verschmischt sich die Sch\u00f6nheit der malerischen Naturlandschaften mit der einzigartigen Kultur der Menschen.","og_url":"https:\/\/lifestylehotels.masterbrain.com\/indonesien\/","og_site_name":"Lifestylehotels\u2122","article_modified_time":"2022-02-21T13:16:09+00:00","og_image":[{"width":1040,"height":1388,"url":"https:\/\/lifestylehotels.masterbrain.com\/wp-content\/uploads\/2022\/02\/Indonesien_Destination.jpg","type":"image\/jpeg"}],"twitter_card":"summary_large_image","twitter_misc":{"Gesch\u00e4tzte Lesezeit":"1\u00a0Minute"},"schema":{"@context":"https:\/\/schema.org","@graph":[{"@type":"WebPage","@id":"https:\/\/lifestylehotels.masterbrain.com\/indonesien\/","url":"https:\/\/lifestylehotels.masterbrain.com\/indonesien\/","name":"Indonesien - Lifestylehotels\u2122","isPartOf":{"@id":"https:\/\/lifestylehotels.masterbrain.com\/de\/#website"},"datePublished":"2022-02-16T15:09:46+00:00","dateModified":"2022-02-21T13:16:09+00:00","description":"In Indonesien verschmischt sich die Sch\u00f6nheit der malerischen Naturlandschaften mit der einzigartigen Kultur der Menschen.","breadcrumb":{"@id":"https:\/\/lifestylehotels.masterbrain.com\/indonesien\/#breadcrumb"},"inLanguage":"de","potentialAction":[{"@type":"ReadAction","target":["https:\/\/lifestylehotels.masterbrain.com\/indonesien\/"]}]},{"@type":"BreadcrumbList","@id":"https:\/\/lifestylehotels.masterbrain.com\/indonesien\/#breadcrumb","itemListElement":[{"@type":"ListItem","position":1,"name":"Startseite","item":"https:\/\/lifestylehotels.masterbrain.com\/de\/"},{"@type":"ListItem","position":2,"name":"Indonesien"}]},{"@type":"WebSite","@id":"https:\/\/lifestylehotels.masterbrain.com\/de\/#website","url":"https:\/\/lifestylehotels.masterbrain.com\/de\/","name":"Lifestylehotels\u2122","description":"","potentialAction":[{"@type":"SearchAction","target":{"@type":"EntryPoint","urlTemplate":"https:\/\/lifestylehotels.masterbrain.com\/de\/?s={search_term_string}"},"query-input":"required name=search_term_string"}],"inLanguage":"de"}]}},"_links":{"self":[{"href":"https:\/\/lifestylehotels.masterbrain.com\/de\/wp-json\/wp\/v2\/pages\/56078"}],"collection":[{"href":"https:\/\/lifestylehotels.masterbrain.com\/de\/wp-json\/wp\/v2\/pages"}],"about":[{"href":"https:\/\/lifestylehotels.masterbrain.com\/de\/wp-json\/wp\/v2\/types\/page"}],"author":[{"embeddable":true,"href":"https:\/\/lifestylehotels.masterbrain.com\/de\/wp-json\/wp\/v2\/users\/1"}],"replies":[{"embeddable":true,"href":"https:\/\/lifestylehotels.masterbrain.com\/de\/wp-json\/wp\/v2\/comments?post=56078"}],"version-history":[{"count":7,"href":"https:\/\/lifestylehotels.masterbrain.com\/de\/wp-json\/wp\/v2\/pages\/56078\/revisions"}],"predecessor-version":[{"id":56783,"href":"https:\/\/lifestylehotels.masterbrain.com\/de\/wp-json\/wp\/v2\/pages\/56078\/revisions\/56783"}],"wp:featuredmedia":[{"embeddable":true,"href":"https:\/\/lifestylehotels.masterbrain.com\/de\/wp-json\/wp\/v2\/media\/56109"}],"wp:attachment":[{"href":"https:\/\/lifestylehotels.masterbrain.com\/de\/wp-json\/wp\/v2\/media?parent=56078"}],"curies":[{"name":"wp","href":"https:\/\/api.w.org\/{rel}","templated":true}]}}