{"id":127071,"date":"2022-10-24T14:51:38","date_gmt":"2022-10-24T12:51:38","guid":{"rendered":"https:\/\/www.lifestylehotels.net\/mexiko\/"},"modified":"2023-01-17T10:58:46","modified_gmt":"2023-01-17T09:58:46","slug":"mexiko","status":"publish","type":"page","link":"https:\/\/lifestylehotels.masterbrain.com\/en\/mexiko\/","title":{"rendered":"Mexico"},"content":{"rendered":"\n<h1 class=\"wp-block-heading\">Mexico<\/h1>\n\n\n\n<p>Mexico is located between the U.S. and Central America and is known for its beaches on the Pacific Ocean and the Gulf of Mexico and for its contrasting landscape of mountains, deserts and jungles. Ancient ruins such as Teotihuac\u00e1n and the Mayan city of Chich\u00e9n Itz\u00e1 can be found here, as well as cities from the Spanish colonial period. In the capital Mexico City there are elegant stores, famous museums and gourmet restaurants.<\/p>\n\n\n\n<p><\/p>\n","protected":false},"excerpt":{"rendered":"<p>Mexico Mexico is located between the U.S. and Central America and is known for its beaches on the Pacific Ocean and the Gulf of Mexico and for its contrasting landscape of mountains, deserts and jungles. Ancient ruins such as Teotihuac\u00e1n and the Mayan city of Chich\u00e9n Itz\u00e1 can be found here, as well as cities [&hellip;]<\/p>\n","protected":false},"author":4,"featured_media":127075,"parent":0,"menu_order":0,"comment_status":"closed","ping_status":"closed","template":"templatedestination.php","meta":{"inline_featured_image":false,"footnotes":""},"acf":[],"yoast_head":"<!-- This site is optimized with the Yoast SEO plugin v21.9 - https:\/\/yoast.com\/wordpress\/plugins\/seo\/ -->\n<title>Mexico - Lifestylehotels\u2122<\/title>\n<meta name=\"robots\" content=\"noindex, follow, max-snippet:-1, max-image-preview:large, max-video-preview:-1\" \/>\n<meta property=\"og:locale\" content=\"en_US\" \/>\n<meta property=\"og:type\" content=\"article\" \/>\n<meta property=\"og:title\" content=\"Mexico - Lifestylehotels\u2122\" \/>\n<meta property=\"og:description\" content=\"Mexico Mexico is located between the U.S. and Central America and is known for its beaches on the Pacific Ocean and the Gulf of Mexico and for its contrasting landscape of mountains, deserts and jungles. Ancient ruins such as Teotihuac\u00e1n and the Mayan city of Chich\u00e9n Itz\u00e1 can be found here, as well as cities [&hellip;]\" \/>\n<meta property=\"og:url\" content=\"https:\/\/lifestylehotels.masterbrain.com\/mexiko\/\" \/>\n<meta property=\"og:site_name\" content=\"Lifestylehotels\u2122\" \/>\n<meta property=\"article:modified_time\" content=\"2023-01-17T09:58:46+00:00\" \/>\n<meta property=\"og:image\" content=\"https:\/\/lifestylehotels.masterbrain.com\/wp-content\/uploads\/2022\/10\/Hotel-Coverimage-Master-1.png\" \/>\n\t<meta property=\"og:image:width\" content=\"1040\" \/>\n\t<meta property=\"og:image:height\" content=\"1388\" \/>\n\t<meta property=\"og:image:type\" content=\"image\/png\" \/>\n<meta name=\"twitter:card\" content=\"summary_large_image\" \/>\n<meta name=\"twitter:label1\" content=\"Est. reading time\" \/>\n\t<meta name=\"twitter:data1\" content=\"1 minute\" \/>\n<script type=\"application\/ld+json\" class=\"yoast-schema-graph\">{\"@context\":\"https:\/\/schema.org\",\"@graph\":[{\"@type\":\"WebPage\",\"@id\":\"https:\/\/lifestylehotels.masterbrain.com\/mexiko\/\",\"url\":\"https:\/\/lifestylehotels.masterbrain.com\/mexiko\/\",\"name\":\"Mexico - Lifestylehotels\u2122\",\"isPartOf\":{\"@id\":\"https:\/\/lifestylehotels.masterbrain.com\/de\/#website\"},\"datePublished\":\"2022-10-24T12:51:38+00:00\",\"dateModified\":\"2023-01-17T09:58:46+00:00\",\"breadcrumb\":{\"@id\":\"https:\/\/lifestylehotels.masterbrain.com\/mexiko\/#breadcrumb\"},\"inLanguage\":\"en-US\",\"potentialAction\":[{\"@type\":\"ReadAction\",\"target\":[\"https:\/\/lifestylehotels.masterbrain.com\/mexiko\/\"]}]},{\"@type\":\"BreadcrumbList\",\"@id\":\"https:\/\/lifestylehotels.masterbrain.com\/mexiko\/#breadcrumb\",\"itemListElement\":[{\"@type\":\"ListItem\",\"position\":1,\"name\":\"Startseite\",\"item\":\"https:\/\/lifestylehotels.masterbrain.com\/start-en\/\"},{\"@type\":\"ListItem\",\"position\":2,\"name\":\"Mexico\"}]},{\"@type\":\"WebSite\",\"@id\":\"https:\/\/lifestylehotels.masterbrain.com\/de\/#website\",\"url\":\"https:\/\/lifestylehotels.masterbrain.com\/de\/\",\"name\":\"Lifestylehotels\u2122\",\"description\":\"\",\"potentialAction\":[{\"@type\":\"SearchAction\",\"target\":{\"@type\":\"EntryPoint\",\"urlTemplate\":\"https:\/\/lifestylehotels.masterbrain.com\/de\/?s={search_term_string}\"},\"query-input\":\"required name=search_term_string\"}],\"inLanguage\":\"en-US\"}]}<\/script>\n<!-- \/ Yoast SEO plugin. -->","yoast_head_json":{"title":"Mexico - Lifestylehotels\u2122","robots":{"index":"noindex","follow":"follow","max-snippet":"max-snippet:-1","max-image-preview":"max-image-preview:large","max-video-preview":"max-video-preview:-1"},"og_locale":"en_US","og_type":"article","og_title":"Mexico - Lifestylehotels\u2122","og_description":"Mexico Mexico is located between the U.S. and Central America and is known for its beaches on the Pacific Ocean and the Gulf of Mexico and for its contrasting landscape of mountains, deserts and jungles. Ancient ruins such as Teotihuac\u00e1n and the Mayan city of Chich\u00e9n Itz\u00e1 can be found here, as well as cities [&hellip;]","og_url":"https:\/\/lifestylehotels.masterbrain.com\/mexiko\/","og_site_name":"Lifestylehotels\u2122","article_modified_time":"2023-01-17T09:58:46+00:00","og_image":[{"width":1040,"height":1388,"url":"https:\/\/lifestylehotels.masterbrain.com\/wp-content\/uploads\/2022\/10\/Hotel-Coverimage-Master-1.png","type":"image\/png"}],"twitter_card":"summary_large_image","twitter_misc":{"Est. reading time":"1 minute"},"schema":{"@context":"https:\/\/schema.org","@graph":[{"@type":"WebPage","@id":"https:\/\/lifestylehotels.masterbrain.com\/mexiko\/","url":"https:\/\/lifestylehotels.masterbrain.com\/mexiko\/","name":"Mexico - Lifestylehotels\u2122","isPartOf":{"@id":"https:\/\/lifestylehotels.masterbrain.com\/de\/#website"},"datePublished":"2022-10-24T12:51:38+00:00","dateModified":"2023-01-17T09:58:46+00:00","breadcrumb":{"@id":"https:\/\/lifestylehotels.masterbrain.com\/mexiko\/#breadcrumb"},"inLanguage":"en-US","potentialAction":[{"@type":"ReadAction","target":["https:\/\/lifestylehotels.masterbrain.com\/mexiko\/"]}]},{"@type":"BreadcrumbList","@id":"https:\/\/lifestylehotels.masterbrain.com\/mexiko\/#breadcrumb","itemListElement":[{"@type":"ListItem","position":1,"name":"Startseite","item":"https:\/\/lifestylehotels.masterbrain.com\/start-en\/"},{"@type":"ListItem","position":2,"name":"Mexico"}]},{"@type":"WebSite","@id":"https:\/\/lifestylehotels.masterbrain.com\/de\/#website","url":"https:\/\/lifestylehotels.masterbrain.com\/de\/","name":"Lifestylehotels\u2122","description":"","potentialAction":[{"@type":"SearchAction","target":{"@type":"EntryPoint","urlTemplate":"https:\/\/lifestylehotels.masterbrain.com\/de\/?s={search_term_string}"},"query-input":"required name=search_term_string"}],"inLanguage":"en-US"}]}},"_links":{"self":[{"href":"https:\/\/lifestylehotels.masterbrain.com\/en\/wp-json\/wp\/v2\/pages\/127071"}],"collection":[{"href":"https:\/\/lifestylehotels.masterbrain.com\/en\/wp-json\/wp\/v2\/pages"}],"about":[{"href":"https:\/\/lifestylehotels.masterbrain.com\/en\/wp-json\/wp\/v2\/types\/page"}],"author":[{"embeddable":true,"href":"https:\/\/lifestylehotels.masterbrain.com\/en\/wp-json\/wp\/v2\/users\/4"}],"replies":[{"embeddable":true,"href":"https:\/\/lifestylehotels.masterbrain.com\/en\/wp-json\/wp\/v2\/comments?post=127071"}],"version-history":[{"count":2,"href":"https:\/\/lifestylehotels.masterbrain.com\/en\/wp-json\/wp\/v2\/pages\/127071\/revisions"}],"predecessor-version":[{"id":127077,"href":"https:\/\/lifestylehotels.masterbrain.com\/en\/wp-json\/wp\/v2\/pages\/127071\/revisions\/127077"}],"wp:featuredmedia":[{"embeddable":true,"href":"https:\/\/lifestylehotels.masterbrain.com\/en\/wp-json\/wp\/v2\/media\/127075"}],"wp:attachment":[{"href":"https:\/\/lifestylehotels.masterbrain.com\/en\/wp-json\/wp\/v2\/media?parent=127071"}],"curies":[{"name":"wp","href":"https:\/\/api.w.org\/{rel}","templated":true}]}}